{"id":5943,"date":"2024-04-09T15:16:43","date_gmt":"2024-04-09T15:16:43","guid":{"rendered":"https:\/\/www.sealtek.com\/product\/style-3002-2\/"},"modified":"2024-04-09T15:16:43","modified_gmt":"2024-04-09T15:16:43","slug":"style-3002-2","status":"publish","type":"product","link":"https:\/\/www.sealtek.com\/it\/product\/style-3002-2\/","title":{"rendered":"Style 3002"},"content":{"rendered":"<p>Foglio per guarnizioni di tenuta statiche in pura grafite, rinforzato con una microrete centrale in acciaio AISI 316. Non contiene alcun legante. Pu\u00f2 essere utilizzato praticamente su tutti gli impieghi, anche i pi\u00f9 gravosi. <\/p>\n<p>Resiste a temperature estreme. Non si incolla e non \u00e8 soggetto a fenomeni di invecchiamento.  <\/p>\n<p>Particolarmente indicato su flange con basse pressioni superficiali e difficili condizioni d\u2019installazione. Particolarmente indicato per il taglio in serie di guarnizioni grazie all\u2019estrema facilit\u00e0 con cui si lascia fustellare. <\/p>\n","protected":false},"excerpt":{"rendered":"<p>Foglio per guarnizioni di tenuta statiche in pura grafite, rinforzato con una microrete centrale in acciaio AISI 316. Non contiene alcun legante. Pu\u00f2 essere utilizzato praticamente su tutti gli impieghi, anche i pi\u00f9 gravosi. Resiste a temperature estreme. Non si incolla e non \u00e8 soggetto a fenomeni di invecchiamento. Particolarmente indicato su flange con basse [&hellip;]<\/p>\n","protected":false},"featured_media":4473,"comment_status":"open","ping_status":"closed","template":"","meta":{"_acf_changed":false},"product_brand":[],"product_cat":[91],"product_tag":[],"class_list":{"0":"post-5943","1":"product","2":"type-product","3":"status-publish","4":"has-post-thumbnail","6":"product_cat-guarnizioni-piane","8":"first","9":"instock","10":"shipping-taxable","11":"purchasable","12":"product-type-simple"},"acf":[],"yoast_head":"<!-- This site is optimized with the Yoast SEO plugin v27.5 - https:\/\/yoast.com\/product\/yoast-seo-wordpress\/ -->\n<title>Style 3002 - Sealtek<\/title>\n<meta name=\"robots\" content=\"index, follow, max-snippet:-1, max-image-preview:large, max-video-preview:-1\" \/>\n<link rel=\"canonical\" href=\"https:\/\/www.sealtek.com\/it\/product\/style-3002-2\/\" \/>\n<meta property=\"og:locale\" content=\"it_IT\" \/>\n<meta property=\"og:type\" content=\"article\" \/>\n<meta property=\"og:title\" content=\"Style 3002 - Sealtek\" \/>\n<meta property=\"og:description\" content=\"Foglio per guarnizioni di tenuta statiche in pura grafite, rinforzato con una microrete centrale in acciaio AISI 316. Non contiene alcun legante. Pu\u00f2 essere utilizzato praticamente su tutti gli impieghi, anche i pi\u00f9 gravosi. Resiste a temperature estreme. Non si incolla e non \u00e8 soggetto a fenomeni di invecchiamento. Particolarmente indicato su flange con basse [&hellip;]\" \/>\n<meta property=\"og:url\" content=\"https:\/\/www.sealtek.com\/it\/product\/style-3002-2\/\" \/>\n<meta property=\"og:site_name\" content=\"Sealtek\" \/>\n<meta property=\"og:image\" content=\"https:\/\/www.sealtek.com\/wp-content\/uploads\/2024\/04\/3002.png\" \/>\n\t<meta property=\"og:image:width\" content=\"927\" \/>\n\t<meta property=\"og:image:height\" content=\"806\" \/>\n\t<meta property=\"og:image:type\" content=\"image\/png\" \/>\n<meta name=\"twitter:card\" content=\"summary_large_image\" \/>\n<script type=\"application\/ld+json\" class=\"yoast-schema-graph\">{\"@context\":\"https:\\\/\\\/schema.org\",\"@graph\":[{\"@type\":\"WebPage\",\"@id\":\"https:\\\/\\\/www.sealtek.com\\\/it\\\/product\\\/style-3002-2\\\/\",\"url\":\"https:\\\/\\\/www.sealtek.com\\\/it\\\/product\\\/style-3002-2\\\/\",\"name\":\"Style 3002 - Sealtek\",\"isPartOf\":{\"@id\":\"https:\\\/\\\/www.sealtek.com\\\/#website\"},\"primaryImageOfPage\":{\"@id\":\"https:\\\/\\\/www.sealtek.com\\\/it\\\/product\\\/style-3002-2\\\/#primaryimage\"},\"image\":{\"@id\":\"https:\\\/\\\/www.sealtek.com\\\/it\\\/product\\\/style-3002-2\\\/#primaryimage\"},\"thumbnailUrl\":\"https:\\\/\\\/www.sealtek.com\\\/wp-content\\\/uploads\\\/2024\\\/04\\\/3002.png\",\"datePublished\":\"2024-04-09T15:16:43+00:00\",\"breadcrumb\":{\"@id\":\"https:\\\/\\\/www.sealtek.com\\\/it\\\/product\\\/style-3002-2\\\/#breadcrumb\"},\"inLanguage\":\"it-IT\",\"potentialAction\":[{\"@type\":\"ReadAction\",\"target\":[\"https:\\\/\\\/www.sealtek.com\\\/it\\\/product\\\/style-3002-2\\\/\"]}]},{\"@type\":\"ImageObject\",\"inLanguage\":\"it-IT\",\"@id\":\"https:\\\/\\\/www.sealtek.com\\\/it\\\/product\\\/style-3002-2\\\/#primaryimage\",\"url\":\"https:\\\/\\\/www.sealtek.com\\\/wp-content\\\/uploads\\\/2024\\\/04\\\/3002.png\",\"contentUrl\":\"https:\\\/\\\/www.sealtek.com\\\/wp-content\\\/uploads\\\/2024\\\/04\\\/3002.png\",\"width\":927,\"height\":806},{\"@type\":\"BreadcrumbList\",\"@id\":\"https:\\\/\\\/www.sealtek.com\\\/it\\\/product\\\/style-3002-2\\\/#breadcrumb\",\"itemListElement\":[{\"@type\":\"ListItem\",\"position\":1,\"name\":\"Home\",\"item\":\"https:\\\/\\\/www.sealtek.com\\\/it\\\/home\\\/\"},{\"@type\":\"ListItem\",\"position\":2,\"name\":\"Shop\",\"item\":\"https:\\\/\\\/www.sealtek.com\\\/shop-2\\\/\"},{\"@type\":\"ListItem\",\"position\":3,\"name\":\"Style 3002\"}]},{\"@type\":\"WebSite\",\"@id\":\"https:\\\/\\\/www.sealtek.com\\\/#website\",\"url\":\"https:\\\/\\\/www.sealtek.com\\\/\",\"name\":\"Sealtek\",\"description\":\"High technology in industrial maintenance\",\"publisher\":{\"@id\":\"https:\\\/\\\/www.sealtek.com\\\/#organization\"},\"potentialAction\":[{\"@type\":\"SearchAction\",\"target\":{\"@type\":\"EntryPoint\",\"urlTemplate\":\"https:\\\/\\\/www.sealtek.com\\\/?s={search_term_string}\"},\"query-input\":{\"@type\":\"PropertyValueSpecification\",\"valueRequired\":true,\"valueName\":\"search_term_string\"}}],\"inLanguage\":\"it-IT\"},{\"@type\":\"Organization\",\"@id\":\"https:\\\/\\\/www.sealtek.com\\\/#organization\",\"name\":\"Sealtek\",\"url\":\"https:\\\/\\\/www.sealtek.com\\\/\",\"logo\":{\"@type\":\"ImageObject\",\"inLanguage\":\"it-IT\",\"@id\":\"https:\\\/\\\/www.sealtek.com\\\/#\\\/schema\\\/logo\\\/image\\\/\",\"url\":\"https:\\\/\\\/www.sealtek.com\\\/wp-content\\\/uploads\\\/2023\\\/12\\\/Sealtek-Logo.png\",\"contentUrl\":\"https:\\\/\\\/www.sealtek.com\\\/wp-content\\\/uploads\\\/2023\\\/12\\\/Sealtek-Logo.png\",\"width\":456,\"height\":87,\"caption\":\"Sealtek\"},\"image\":{\"@id\":\"https:\\\/\\\/www.sealtek.com\\\/#\\\/schema\\\/logo\\\/image\\\/\"}}]}<\/script>\n<!-- \/ Yoast SEO plugin. -->","yoast_head_json":{"title":"Style 3002 - Sealtek","robots":{"index":"index","follow":"follow","max-snippet":"max-snippet:-1","max-image-preview":"max-image-preview:large","max-video-preview":"max-video-preview:-1"},"canonical":"https:\/\/www.sealtek.com\/it\/product\/style-3002-2\/","og_locale":"it_IT","og_type":"article","og_title":"Style 3002 - Sealtek","og_description":"Foglio per guarnizioni di tenuta statiche in pura grafite, rinforzato con una microrete centrale in acciaio AISI 316. Non contiene alcun legante. Pu\u00f2 essere utilizzato praticamente su tutti gli impieghi, anche i pi\u00f9 gravosi. Resiste a temperature estreme. Non si incolla e non \u00e8 soggetto a fenomeni di invecchiamento. Particolarmente indicato su flange con basse [&hellip;]","og_url":"https:\/\/www.sealtek.com\/it\/product\/style-3002-2\/","og_site_name":"Sealtek","og_image":[{"width":927,"height":806,"url":"https:\/\/www.sealtek.com\/wp-content\/uploads\/2024\/04\/3002.png","type":"image\/png"}],"twitter_card":"summary_large_image","schema":{"@context":"https:\/\/schema.org","@graph":[{"@type":"WebPage","@id":"https:\/\/www.sealtek.com\/it\/product\/style-3002-2\/","url":"https:\/\/www.sealtek.com\/it\/product\/style-3002-2\/","name":"Style 3002 - Sealtek","isPartOf":{"@id":"https:\/\/www.sealtek.com\/#website"},"primaryImageOfPage":{"@id":"https:\/\/www.sealtek.com\/it\/product\/style-3002-2\/#primaryimage"},"image":{"@id":"https:\/\/www.sealtek.com\/it\/product\/style-3002-2\/#primaryimage"},"thumbnailUrl":"https:\/\/www.sealtek.com\/wp-content\/uploads\/2024\/04\/3002.png","datePublished":"2024-04-09T15:16:43+00:00","breadcrumb":{"@id":"https:\/\/www.sealtek.com\/it\/product\/style-3002-2\/#breadcrumb"},"inLanguage":"it-IT","potentialAction":[{"@type":"ReadAction","target":["https:\/\/www.sealtek.com\/it\/product\/style-3002-2\/"]}]},{"@type":"ImageObject","inLanguage":"it-IT","@id":"https:\/\/www.sealtek.com\/it\/product\/style-3002-2\/#primaryimage","url":"https:\/\/www.sealtek.com\/wp-content\/uploads\/2024\/04\/3002.png","contentUrl":"https:\/\/www.sealtek.com\/wp-content\/uploads\/2024\/04\/3002.png","width":927,"height":806},{"@type":"BreadcrumbList","@id":"https:\/\/www.sealtek.com\/it\/product\/style-3002-2\/#breadcrumb","itemListElement":[{"@type":"ListItem","position":1,"name":"Home","item":"https:\/\/www.sealtek.com\/it\/home\/"},{"@type":"ListItem","position":2,"name":"Shop","item":"https:\/\/www.sealtek.com\/shop-2\/"},{"@type":"ListItem","position":3,"name":"Style 3002"}]},{"@type":"WebSite","@id":"https:\/\/www.sealtek.com\/#website","url":"https:\/\/www.sealtek.com\/","name":"Sealtek","description":"High technology in industrial maintenance","publisher":{"@id":"https:\/\/www.sealtek.com\/#organization"},"potentialAction":[{"@type":"SearchAction","target":{"@type":"EntryPoint","urlTemplate":"https:\/\/www.sealtek.com\/?s={search_term_string}"},"query-input":{"@type":"PropertyValueSpecification","valueRequired":true,"valueName":"search_term_string"}}],"inLanguage":"it-IT"},{"@type":"Organization","@id":"https:\/\/www.sealtek.com\/#organization","name":"Sealtek","url":"https:\/\/www.sealtek.com\/","logo":{"@type":"ImageObject","inLanguage":"it-IT","@id":"https:\/\/www.sealtek.com\/#\/schema\/logo\/image\/","url":"https:\/\/www.sealtek.com\/wp-content\/uploads\/2023\/12\/Sealtek-Logo.png","contentUrl":"https:\/\/www.sealtek.com\/wp-content\/uploads\/2023\/12\/Sealtek-Logo.png","width":456,"height":87,"caption":"Sealtek"},"image":{"@id":"https:\/\/www.sealtek.com\/#\/schema\/logo\/image\/"}}]}},"_links":{"self":[{"href":"https:\/\/www.sealtek.com\/it\/wp-json\/wp\/v2\/product\/5943","targetHints":{"allow":["GET"]}}],"collection":[{"href":"https:\/\/www.sealtek.com\/it\/wp-json\/wp\/v2\/product"}],"about":[{"href":"https:\/\/www.sealtek.com\/it\/wp-json\/wp\/v2\/types\/product"}],"replies":[{"embeddable":true,"href":"https:\/\/www.sealtek.com\/it\/wp-json\/wp\/v2\/comments?post=5943"}],"wp:featuredmedia":[{"embeddable":true,"href":"https:\/\/www.sealtek.com\/it\/wp-json\/wp\/v2\/media\/4473"}],"wp:attachment":[{"href":"https:\/\/www.sealtek.com\/it\/wp-json\/wp\/v2\/media?parent=5943"}],"wp:term":[{"taxonomy":"product_brand","embeddable":true,"href":"https:\/\/www.sealtek.com\/it\/wp-json\/wp\/v2\/product_brand?post=5943"},{"taxonomy":"product_cat","embeddable":true,"href":"https:\/\/www.sealtek.com\/it\/wp-json\/wp\/v2\/product_cat?post=5943"},{"taxonomy":"product_tag","embeddable":true,"href":"https:\/\/www.sealtek.com\/it\/wp-json\/wp\/v2\/product_tag?post=5943"}],"curies":[{"name":"wp","href":"https:\/\/api.w.org\/{rel}","templated":true}]}}