{"id":5630,"date":"2024-04-09T15:48:49","date_gmt":"2024-04-09T15:48:49","guid":{"rendered":"https:\/\/www.sealtek.com\/product\/style-777-sw-2\/"},"modified":"2024-04-09T15:48:49","modified_gmt":"2024-04-09T15:48:49","slug":"style-777-sw-2","status":"publish","type":"product","link":"https:\/\/www.sealtek.com\/it\/product\/style-777-sw-2\/","title":{"rendered":"Style 777 SW"},"content":{"rendered":"<p>Progettata per tutte le applicazioni dove \u00e8 richiesta una doppia tenuta. Garantita e sicura nelle situazioni dove vengono richieste le massime prestazioni.<\/p>\n<p>Pu\u00f2 essere utilizzata in tre diverse configurazioni:<\/p>\n<p>TENUTA DI SICUREZZA: con pressione del fluido di barriera pi\u00f9 alta del fluido pompato, per una tenuta a prova di perdite, su fluidi a bassa densit\u00e0, a scarsa propriet\u00e0 lubrificante, altamente abrasivi e in applicazioni critiche come su MISCELATORI ed AGITATORI. <\/p>\n<p>TENUTA TANDEM: con pressione del fluido di barriera pi\u00f9 bassa del fluido pompato, per una tenuta per alte pressioni, per ottenere un migliore fattore PV, per una lunga durata senza necessit\u00e0 di manutenzione.<\/p>\n<p>TENUTA DI RISERVA: fluido di barriera a pressione atmosferica per una doppia sicurezza di tenuta, dove non esiste un impianto di riserva, per evitare fermi improwisi.<\/p>\n","protected":false},"excerpt":{"rendered":"<p>Progettata per tutte le applicazioni dove \u00e8 richiesta una doppia tenuta. Garantita e sicura nelle situazioni dove vengono richieste le massime prestazioni. Pu\u00f2 essere utilizzata in tre diverse configurazioni: TENUTA DI SICUREZZA: con pressione del fluido di barriera pi\u00f9 alta del fluido pompato, per una tenuta a prova di perdite, su fluidi a bassa densit\u00e0, [&hellip;]<\/p>\n","protected":false},"featured_media":4519,"comment_status":"open","ping_status":"closed","template":"","meta":{"_acf_changed":false},"product_brand":[],"product_cat":[95],"product_tag":[],"class_list":{"0":"post-5630","1":"product","2":"type-product","3":"status-publish","4":"has-post-thumbnail","6":"product_cat-sistema-modulare-a-cartuccia","8":"first","9":"instock","10":"shipping-taxable","11":"purchasable","12":"product-type-variable"},"acf":[],"yoast_head":"<!-- This site is optimized with the Yoast SEO plugin v27.5 - https:\/\/yoast.com\/product\/yoast-seo-wordpress\/ -->\n<title>Style 777 SW - Sealtek<\/title>\n<meta name=\"robots\" content=\"index, follow, max-snippet:-1, max-image-preview:large, max-video-preview:-1\" \/>\n<link rel=\"canonical\" href=\"https:\/\/www.sealtek.com\/it\/product\/style-777-sw-2\/\" \/>\n<meta property=\"og:locale\" content=\"it_IT\" \/>\n<meta property=\"og:type\" content=\"article\" \/>\n<meta property=\"og:title\" content=\"Style 777 SW - Sealtek\" \/>\n<meta property=\"og:description\" content=\"Progettata per tutte le applicazioni dove \u00e8 richiesta una doppia tenuta. Garantita e sicura nelle situazioni dove vengono richieste le massime prestazioni. Pu\u00f2 essere utilizzata in tre diverse configurazioni: TENUTA DI SICUREZZA: con pressione del fluido di barriera pi\u00f9 alta del fluido pompato, per una tenuta a prova di perdite, su fluidi a bassa densit\u00e0, [&hellip;]\" \/>\n<meta property=\"og:url\" content=\"https:\/\/www.sealtek.com\/it\/product\/style-777-sw-2\/\" \/>\n<meta property=\"og:site_name\" content=\"Sealtek\" \/>\n<meta property=\"og:image\" content=\"https:\/\/www.sealtek.com\/wp-content\/uploads\/2024\/04\/STYLE_777SW_1.jpg\" \/>\n\t<meta property=\"og:image:width\" content=\"1428\" \/>\n\t<meta property=\"og:image:height\" content=\"1805\" \/>\n\t<meta property=\"og:image:type\" content=\"image\/jpeg\" \/>\n<meta name=\"twitter:card\" content=\"summary_large_image\" \/>\n<meta name=\"twitter:label1\" content=\"Tempo di lettura stimato\" \/>\n\t<meta name=\"twitter:data1\" content=\"1 minuto\" \/>\n<script type=\"application\/ld+json\" class=\"yoast-schema-graph\">{\"@context\":\"https:\\\/\\\/schema.org\",\"@graph\":[{\"@type\":\"WebPage\",\"@id\":\"https:\\\/\\\/www.sealtek.com\\\/it\\\/product\\\/style-777-sw-2\\\/\",\"url\":\"https:\\\/\\\/www.sealtek.com\\\/it\\\/product\\\/style-777-sw-2\\\/\",\"name\":\"Style 777 SW - Sealtek\",\"isPartOf\":{\"@id\":\"https:\\\/\\\/www.sealtek.com\\\/#website\"},\"primaryImageOfPage\":{\"@id\":\"https:\\\/\\\/www.sealtek.com\\\/it\\\/product\\\/style-777-sw-2\\\/#primaryimage\"},\"image\":{\"@id\":\"https:\\\/\\\/www.sealtek.com\\\/it\\\/product\\\/style-777-sw-2\\\/#primaryimage\"},\"thumbnailUrl\":\"https:\\\/\\\/www.sealtek.com\\\/wp-content\\\/uploads\\\/2024\\\/04\\\/STYLE_777SW_1.jpg\",\"datePublished\":\"2024-04-09T15:48:49+00:00\",\"breadcrumb\":{\"@id\":\"https:\\\/\\\/www.sealtek.com\\\/it\\\/product\\\/style-777-sw-2\\\/#breadcrumb\"},\"inLanguage\":\"it-IT\",\"potentialAction\":[{\"@type\":\"ReadAction\",\"target\":[\"https:\\\/\\\/www.sealtek.com\\\/it\\\/product\\\/style-777-sw-2\\\/\"]}]},{\"@type\":\"ImageObject\",\"inLanguage\":\"it-IT\",\"@id\":\"https:\\\/\\\/www.sealtek.com\\\/it\\\/product\\\/style-777-sw-2\\\/#primaryimage\",\"url\":\"https:\\\/\\\/www.sealtek.com\\\/wp-content\\\/uploads\\\/2024\\\/04\\\/STYLE_777SW_1.jpg\",\"contentUrl\":\"https:\\\/\\\/www.sealtek.com\\\/wp-content\\\/uploads\\\/2024\\\/04\\\/STYLE_777SW_1.jpg\",\"width\":1428,\"height\":1805},{\"@type\":\"BreadcrumbList\",\"@id\":\"https:\\\/\\\/www.sealtek.com\\\/it\\\/product\\\/style-777-sw-2\\\/#breadcrumb\",\"itemListElement\":[{\"@type\":\"ListItem\",\"position\":1,\"name\":\"Home\",\"item\":\"https:\\\/\\\/www.sealtek.com\\\/it\\\/home\\\/\"},{\"@type\":\"ListItem\",\"position\":2,\"name\":\"Shop\",\"item\":\"https:\\\/\\\/www.sealtek.com\\\/shop-2\\\/\"},{\"@type\":\"ListItem\",\"position\":3,\"name\":\"Style 777 SW\"}]},{\"@type\":\"WebSite\",\"@id\":\"https:\\\/\\\/www.sealtek.com\\\/#website\",\"url\":\"https:\\\/\\\/www.sealtek.com\\\/\",\"name\":\"Sealtek\",\"description\":\"High technology in industrial maintenance\",\"publisher\":{\"@id\":\"https:\\\/\\\/www.sealtek.com\\\/#organization\"},\"potentialAction\":[{\"@type\":\"SearchAction\",\"target\":{\"@type\":\"EntryPoint\",\"urlTemplate\":\"https:\\\/\\\/www.sealtek.com\\\/?s={search_term_string}\"},\"query-input\":{\"@type\":\"PropertyValueSpecification\",\"valueRequired\":true,\"valueName\":\"search_term_string\"}}],\"inLanguage\":\"it-IT\"},{\"@type\":\"Organization\",\"@id\":\"https:\\\/\\\/www.sealtek.com\\\/#organization\",\"name\":\"Sealtek\",\"url\":\"https:\\\/\\\/www.sealtek.com\\\/\",\"logo\":{\"@type\":\"ImageObject\",\"inLanguage\":\"it-IT\",\"@id\":\"https:\\\/\\\/www.sealtek.com\\\/#\\\/schema\\\/logo\\\/image\\\/\",\"url\":\"https:\\\/\\\/www.sealtek.com\\\/wp-content\\\/uploads\\\/2023\\\/12\\\/Sealtek-Logo.png\",\"contentUrl\":\"https:\\\/\\\/www.sealtek.com\\\/wp-content\\\/uploads\\\/2023\\\/12\\\/Sealtek-Logo.png\",\"width\":456,\"height\":87,\"caption\":\"Sealtek\"},\"image\":{\"@id\":\"https:\\\/\\\/www.sealtek.com\\\/#\\\/schema\\\/logo\\\/image\\\/\"}}]}<\/script>\n<!-- \/ Yoast SEO plugin. -->","yoast_head_json":{"title":"Style 777 SW - Sealtek","robots":{"index":"index","follow":"follow","max-snippet":"max-snippet:-1","max-image-preview":"max-image-preview:large","max-video-preview":"max-video-preview:-1"},"canonical":"https:\/\/www.sealtek.com\/it\/product\/style-777-sw-2\/","og_locale":"it_IT","og_type":"article","og_title":"Style 777 SW - Sealtek","og_description":"Progettata per tutte le applicazioni dove \u00e8 richiesta una doppia tenuta. Garantita e sicura nelle situazioni dove vengono richieste le massime prestazioni. Pu\u00f2 essere utilizzata in tre diverse configurazioni: TENUTA DI SICUREZZA: con pressione del fluido di barriera pi\u00f9 alta del fluido pompato, per una tenuta a prova di perdite, su fluidi a bassa densit\u00e0, [&hellip;]","og_url":"https:\/\/www.sealtek.com\/it\/product\/style-777-sw-2\/","og_site_name":"Sealtek","og_image":[{"width":1428,"height":1805,"url":"https:\/\/www.sealtek.com\/wp-content\/uploads\/2024\/04\/STYLE_777SW_1.jpg","type":"image\/jpeg"}],"twitter_card":"summary_large_image","twitter_misc":{"Tempo di lettura stimato":"1 minuto"},"schema":{"@context":"https:\/\/schema.org","@graph":[{"@type":"WebPage","@id":"https:\/\/www.sealtek.com\/it\/product\/style-777-sw-2\/","url":"https:\/\/www.sealtek.com\/it\/product\/style-777-sw-2\/","name":"Style 777 SW - Sealtek","isPartOf":{"@id":"https:\/\/www.sealtek.com\/#website"},"primaryImageOfPage":{"@id":"https:\/\/www.sealtek.com\/it\/product\/style-777-sw-2\/#primaryimage"},"image":{"@id":"https:\/\/www.sealtek.com\/it\/product\/style-777-sw-2\/#primaryimage"},"thumbnailUrl":"https:\/\/www.sealtek.com\/wp-content\/uploads\/2024\/04\/STYLE_777SW_1.jpg","datePublished":"2024-04-09T15:48:49+00:00","breadcrumb":{"@id":"https:\/\/www.sealtek.com\/it\/product\/style-777-sw-2\/#breadcrumb"},"inLanguage":"it-IT","potentialAction":[{"@type":"ReadAction","target":["https:\/\/www.sealtek.com\/it\/product\/style-777-sw-2\/"]}]},{"@type":"ImageObject","inLanguage":"it-IT","@id":"https:\/\/www.sealtek.com\/it\/product\/style-777-sw-2\/#primaryimage","url":"https:\/\/www.sealtek.com\/wp-content\/uploads\/2024\/04\/STYLE_777SW_1.jpg","contentUrl":"https:\/\/www.sealtek.com\/wp-content\/uploads\/2024\/04\/STYLE_777SW_1.jpg","width":1428,"height":1805},{"@type":"BreadcrumbList","@id":"https:\/\/www.sealtek.com\/it\/product\/style-777-sw-2\/#breadcrumb","itemListElement":[{"@type":"ListItem","position":1,"name":"Home","item":"https:\/\/www.sealtek.com\/it\/home\/"},{"@type":"ListItem","position":2,"name":"Shop","item":"https:\/\/www.sealtek.com\/shop-2\/"},{"@type":"ListItem","position":3,"name":"Style 777 SW"}]},{"@type":"WebSite","@id":"https:\/\/www.sealtek.com\/#website","url":"https:\/\/www.sealtek.com\/","name":"Sealtek","description":"High technology in industrial maintenance","publisher":{"@id":"https:\/\/www.sealtek.com\/#organization"},"potentialAction":[{"@type":"SearchAction","target":{"@type":"EntryPoint","urlTemplate":"https:\/\/www.sealtek.com\/?s={search_term_string}"},"query-input":{"@type":"PropertyValueSpecification","valueRequired":true,"valueName":"search_term_string"}}],"inLanguage":"it-IT"},{"@type":"Organization","@id":"https:\/\/www.sealtek.com\/#organization","name":"Sealtek","url":"https:\/\/www.sealtek.com\/","logo":{"@type":"ImageObject","inLanguage":"it-IT","@id":"https:\/\/www.sealtek.com\/#\/schema\/logo\/image\/","url":"https:\/\/www.sealtek.com\/wp-content\/uploads\/2023\/12\/Sealtek-Logo.png","contentUrl":"https:\/\/www.sealtek.com\/wp-content\/uploads\/2023\/12\/Sealtek-Logo.png","width":456,"height":87,"caption":"Sealtek"},"image":{"@id":"https:\/\/www.sealtek.com\/#\/schema\/logo\/image\/"}}]}},"_links":{"self":[{"href":"https:\/\/www.sealtek.com\/it\/wp-json\/wp\/v2\/product\/5630","targetHints":{"allow":["GET"]}}],"collection":[{"href":"https:\/\/www.sealtek.com\/it\/wp-json\/wp\/v2\/product"}],"about":[{"href":"https:\/\/www.sealtek.com\/it\/wp-json\/wp\/v2\/types\/product"}],"replies":[{"embeddable":true,"href":"https:\/\/www.sealtek.com\/it\/wp-json\/wp\/v2\/comments?post=5630"}],"wp:featuredmedia":[{"embeddable":true,"href":"https:\/\/www.sealtek.com\/it\/wp-json\/wp\/v2\/media\/4519"}],"wp:attachment":[{"href":"https:\/\/www.sealtek.com\/it\/wp-json\/wp\/v2\/media?parent=5630"}],"wp:term":[{"taxonomy":"product_brand","embeddable":true,"href":"https:\/\/www.sealtek.com\/it\/wp-json\/wp\/v2\/product_brand?post=5630"},{"taxonomy":"product_cat","embeddable":true,"href":"https:\/\/www.sealtek.com\/it\/wp-json\/wp\/v2\/product_cat?post=5630"},{"taxonomy":"product_tag","embeddable":true,"href":"https:\/\/www.sealtek.com\/it\/wp-json\/wp\/v2\/product_tag?post=5630"}],"curies":[{"name":"wp","href":"https:\/\/api.w.org\/{rel}","templated":true}]}}