{"id":5496,"date":"2024-02-12T15:25:37","date_gmt":"2024-02-12T15:25:37","guid":{"rendered":"https:\/\/www.sealtek.com\/product\/style-600-sl-2\/"},"modified":"2024-02-12T15:25:37","modified_gmt":"2024-02-12T15:25:37","slug":"style-600-sl-2","status":"publish","type":"product","link":"https:\/\/www.sealtek.com\/it\/product\/style-600-sl-2\/","title":{"rendered":"Style 600 SL"},"content":{"rendered":"<p>Fino ad ora, tutte le tenute meccaniche a cartuccia sono state disegnate con una bussola integrata.<\/p>\n<p>Il design rivoluzionario della Style 600SL permette l\u2019installazione su pompe dove era prima considerato impossibile montare una tenuta meccanica.<\/p>\n<p>Il design senza bussola permette inoltre una maggior tolleranza al disallineamento dell\u2019albero.<\/p>\n<p>La 600SL \u00e8 la prima tenuta a cartuccia ad incorporare un\u2019estensione conica della cassa stoppa, permettendole di migliorare sensibilmente la vita operativa della tenuta in applicazioni di slurry e fluidi carichi.<\/p>\n<p>Non essendoci parti di tenuta all&#8217;interno del premistoppa, la contaminazione del liquame non pu\u00f2 intasare la tenuta, aumentandone notevolmente la durata.<\/p>\n<p>Questa tenuta \u00e8 dotata di flangia con connessione per flussaggio e massicce facce di tenuta realizzate in materiali sinterizzati montati su elastomeri flessibili, che agiscono anche da assorbitori di shock, e offre la pi\u00f9 grande affidabilit\u00e0 alle condizioni operative pi\u00f9 severe.<\/p>\n<p>e offre la pi\u00f9 grande affidabilit\u00e0 alle condizioni operative pi\u00f9 severe.<\/p>\n<p>La Style 600SL offre all\u2019utilizzatore concreti benefici in termini di risparmio sull\u2019acquisto della tenuta, dei pezzi di ricambio e sul fermo macchine.<\/p>\n","protected":false},"excerpt":{"rendered":"<p>Questo rivoluzionario design \u00e8 il risultato della pi\u00f9 intensa ricerca Sealtek sui sistemi di tenuta, e costituisce la prima vera innovazione nel mercato delle tenute da molti anni.<\/p>\n","protected":false},"featured_media":4551,"comment_status":"open","ping_status":"closed","template":"","meta":{"_acf_changed":false},"product_brand":[],"product_cat":[99],"product_tag":[],"class_list":{"0":"post-5496","1":"product","2":"type-product","3":"status-publish","4":"has-post-thumbnail","6":"product_cat-brevetto-tenute-meccaniche-senza-bussola","8":"first","9":"instock","10":"shipping-taxable","11":"purchasable","12":"product-type-simple"},"acf":[],"yoast_head":"<!-- This site is optimized with the Yoast SEO plugin v27.5 - https:\/\/yoast.com\/product\/yoast-seo-wordpress\/ -->\n<title>Style 600 SL - Sealtek<\/title>\n<meta name=\"robots\" content=\"index, follow, max-snippet:-1, max-image-preview:large, max-video-preview:-1\" \/>\n<link rel=\"canonical\" href=\"https:\/\/www.sealtek.com\/it\/product\/style-600-sl-2\/\" \/>\n<meta property=\"og:locale\" content=\"it_IT\" \/>\n<meta property=\"og:type\" content=\"article\" \/>\n<meta property=\"og:title\" content=\"Style 600 SL - Sealtek\" \/>\n<meta property=\"og:description\" content=\"Questo rivoluzionario design \u00e8 il risultato della pi\u00f9 intensa ricerca Sealtek sui sistemi di tenuta, e costituisce la prima vera innovazione nel mercato delle tenute da molti anni.\" \/>\n<meta property=\"og:url\" content=\"https:\/\/www.sealtek.com\/it\/product\/style-600-sl-2\/\" \/>\n<meta property=\"og:site_name\" content=\"Sealtek\" \/>\n<meta property=\"og:image\" content=\"https:\/\/www.sealtek.com\/wp-content\/uploads\/2024\/04\/STYLE_600SL_1-1.jpg\" \/>\n\t<meta property=\"og:image:width\" content=\"2256\" \/>\n\t<meta property=\"og:image:height\" content=\"1920\" \/>\n\t<meta property=\"og:image:type\" content=\"image\/jpeg\" \/>\n<meta name=\"twitter:card\" content=\"summary_large_image\" \/>\n<meta name=\"twitter:label1\" content=\"Tempo di lettura stimato\" \/>\n\t<meta name=\"twitter:data1\" content=\"1 minuto\" \/>\n<script type=\"application\/ld+json\" class=\"yoast-schema-graph\">{\"@context\":\"https:\\\/\\\/schema.org\",\"@graph\":[{\"@type\":\"WebPage\",\"@id\":\"https:\\\/\\\/www.sealtek.com\\\/it\\\/product\\\/style-600-sl-2\\\/\",\"url\":\"https:\\\/\\\/www.sealtek.com\\\/it\\\/product\\\/style-600-sl-2\\\/\",\"name\":\"Style 600 SL - Sealtek\",\"isPartOf\":{\"@id\":\"https:\\\/\\\/www.sealtek.com\\\/#website\"},\"primaryImageOfPage\":{\"@id\":\"https:\\\/\\\/www.sealtek.com\\\/it\\\/product\\\/style-600-sl-2\\\/#primaryimage\"},\"image\":{\"@id\":\"https:\\\/\\\/www.sealtek.com\\\/it\\\/product\\\/style-600-sl-2\\\/#primaryimage\"},\"thumbnailUrl\":\"https:\\\/\\\/www.sealtek.com\\\/wp-content\\\/uploads\\\/2024\\\/04\\\/STYLE_600SL_1-1.jpg\",\"datePublished\":\"2024-02-12T15:25:37+00:00\",\"breadcrumb\":{\"@id\":\"https:\\\/\\\/www.sealtek.com\\\/it\\\/product\\\/style-600-sl-2\\\/#breadcrumb\"},\"inLanguage\":\"it-IT\",\"potentialAction\":[{\"@type\":\"ReadAction\",\"target\":[\"https:\\\/\\\/www.sealtek.com\\\/it\\\/product\\\/style-600-sl-2\\\/\"]}]},{\"@type\":\"ImageObject\",\"inLanguage\":\"it-IT\",\"@id\":\"https:\\\/\\\/www.sealtek.com\\\/it\\\/product\\\/style-600-sl-2\\\/#primaryimage\",\"url\":\"https:\\\/\\\/www.sealtek.com\\\/wp-content\\\/uploads\\\/2024\\\/04\\\/STYLE_600SL_1-1.jpg\",\"contentUrl\":\"https:\\\/\\\/www.sealtek.com\\\/wp-content\\\/uploads\\\/2024\\\/04\\\/STYLE_600SL_1-1.jpg\",\"width\":2256,\"height\":1920,\"caption\":\"dav\"},{\"@type\":\"BreadcrumbList\",\"@id\":\"https:\\\/\\\/www.sealtek.com\\\/it\\\/product\\\/style-600-sl-2\\\/#breadcrumb\",\"itemListElement\":[{\"@type\":\"ListItem\",\"position\":1,\"name\":\"Home\",\"item\":\"https:\\\/\\\/www.sealtek.com\\\/it\\\/home\\\/\"},{\"@type\":\"ListItem\",\"position\":2,\"name\":\"Shop\",\"item\":\"https:\\\/\\\/www.sealtek.com\\\/shop-2\\\/\"},{\"@type\":\"ListItem\",\"position\":3,\"name\":\"Style 600 SL\"}]},{\"@type\":\"WebSite\",\"@id\":\"https:\\\/\\\/www.sealtek.com\\\/#website\",\"url\":\"https:\\\/\\\/www.sealtek.com\\\/\",\"name\":\"Sealtek\",\"description\":\"High technology in industrial maintenance\",\"publisher\":{\"@id\":\"https:\\\/\\\/www.sealtek.com\\\/#organization\"},\"potentialAction\":[{\"@type\":\"SearchAction\",\"target\":{\"@type\":\"EntryPoint\",\"urlTemplate\":\"https:\\\/\\\/www.sealtek.com\\\/?s={search_term_string}\"},\"query-input\":{\"@type\":\"PropertyValueSpecification\",\"valueRequired\":true,\"valueName\":\"search_term_string\"}}],\"inLanguage\":\"it-IT\"},{\"@type\":\"Organization\",\"@id\":\"https:\\\/\\\/www.sealtek.com\\\/#organization\",\"name\":\"Sealtek\",\"url\":\"https:\\\/\\\/www.sealtek.com\\\/\",\"logo\":{\"@type\":\"ImageObject\",\"inLanguage\":\"it-IT\",\"@id\":\"https:\\\/\\\/www.sealtek.com\\\/#\\\/schema\\\/logo\\\/image\\\/\",\"url\":\"https:\\\/\\\/www.sealtek.com\\\/wp-content\\\/uploads\\\/2023\\\/12\\\/Sealtek-Logo.png\",\"contentUrl\":\"https:\\\/\\\/www.sealtek.com\\\/wp-content\\\/uploads\\\/2023\\\/12\\\/Sealtek-Logo.png\",\"width\":456,\"height\":87,\"caption\":\"Sealtek\"},\"image\":{\"@id\":\"https:\\\/\\\/www.sealtek.com\\\/#\\\/schema\\\/logo\\\/image\\\/\"}}]}<\/script>\n<!-- \/ Yoast SEO plugin. -->","yoast_head_json":{"title":"Style 600 SL - Sealtek","robots":{"index":"index","follow":"follow","max-snippet":"max-snippet:-1","max-image-preview":"max-image-preview:large","max-video-preview":"max-video-preview:-1"},"canonical":"https:\/\/www.sealtek.com\/it\/product\/style-600-sl-2\/","og_locale":"it_IT","og_type":"article","og_title":"Style 600 SL - Sealtek","og_description":"Questo rivoluzionario design \u00e8 il risultato della pi\u00f9 intensa ricerca Sealtek sui sistemi di tenuta, e costituisce la prima vera innovazione nel mercato delle tenute da molti anni.","og_url":"https:\/\/www.sealtek.com\/it\/product\/style-600-sl-2\/","og_site_name":"Sealtek","og_image":[{"width":2256,"height":1920,"url":"https:\/\/www.sealtek.com\/wp-content\/uploads\/2024\/04\/STYLE_600SL_1-1.jpg","type":"image\/jpeg"}],"twitter_card":"summary_large_image","twitter_misc":{"Tempo di lettura stimato":"1 minuto"},"schema":{"@context":"https:\/\/schema.org","@graph":[{"@type":"WebPage","@id":"https:\/\/www.sealtek.com\/it\/product\/style-600-sl-2\/","url":"https:\/\/www.sealtek.com\/it\/product\/style-600-sl-2\/","name":"Style 600 SL - Sealtek","isPartOf":{"@id":"https:\/\/www.sealtek.com\/#website"},"primaryImageOfPage":{"@id":"https:\/\/www.sealtek.com\/it\/product\/style-600-sl-2\/#primaryimage"},"image":{"@id":"https:\/\/www.sealtek.com\/it\/product\/style-600-sl-2\/#primaryimage"},"thumbnailUrl":"https:\/\/www.sealtek.com\/wp-content\/uploads\/2024\/04\/STYLE_600SL_1-1.jpg","datePublished":"2024-02-12T15:25:37+00:00","breadcrumb":{"@id":"https:\/\/www.sealtek.com\/it\/product\/style-600-sl-2\/#breadcrumb"},"inLanguage":"it-IT","potentialAction":[{"@type":"ReadAction","target":["https:\/\/www.sealtek.com\/it\/product\/style-600-sl-2\/"]}]},{"@type":"ImageObject","inLanguage":"it-IT","@id":"https:\/\/www.sealtek.com\/it\/product\/style-600-sl-2\/#primaryimage","url":"https:\/\/www.sealtek.com\/wp-content\/uploads\/2024\/04\/STYLE_600SL_1-1.jpg","contentUrl":"https:\/\/www.sealtek.com\/wp-content\/uploads\/2024\/04\/STYLE_600SL_1-1.jpg","width":2256,"height":1920,"caption":"dav"},{"@type":"BreadcrumbList","@id":"https:\/\/www.sealtek.com\/it\/product\/style-600-sl-2\/#breadcrumb","itemListElement":[{"@type":"ListItem","position":1,"name":"Home","item":"https:\/\/www.sealtek.com\/it\/home\/"},{"@type":"ListItem","position":2,"name":"Shop","item":"https:\/\/www.sealtek.com\/shop-2\/"},{"@type":"ListItem","position":3,"name":"Style 600 SL"}]},{"@type":"WebSite","@id":"https:\/\/www.sealtek.com\/#website","url":"https:\/\/www.sealtek.com\/","name":"Sealtek","description":"High technology in industrial maintenance","publisher":{"@id":"https:\/\/www.sealtek.com\/#organization"},"potentialAction":[{"@type":"SearchAction","target":{"@type":"EntryPoint","urlTemplate":"https:\/\/www.sealtek.com\/?s={search_term_string}"},"query-input":{"@type":"PropertyValueSpecification","valueRequired":true,"valueName":"search_term_string"}}],"inLanguage":"it-IT"},{"@type":"Organization","@id":"https:\/\/www.sealtek.com\/#organization","name":"Sealtek","url":"https:\/\/www.sealtek.com\/","logo":{"@type":"ImageObject","inLanguage":"it-IT","@id":"https:\/\/www.sealtek.com\/#\/schema\/logo\/image\/","url":"https:\/\/www.sealtek.com\/wp-content\/uploads\/2023\/12\/Sealtek-Logo.png","contentUrl":"https:\/\/www.sealtek.com\/wp-content\/uploads\/2023\/12\/Sealtek-Logo.png","width":456,"height":87,"caption":"Sealtek"},"image":{"@id":"https:\/\/www.sealtek.com\/#\/schema\/logo\/image\/"}}]}},"_links":{"self":[{"href":"https:\/\/www.sealtek.com\/it\/wp-json\/wp\/v2\/product\/5496","targetHints":{"allow":["GET"]}}],"collection":[{"href":"https:\/\/www.sealtek.com\/it\/wp-json\/wp\/v2\/product"}],"about":[{"href":"https:\/\/www.sealtek.com\/it\/wp-json\/wp\/v2\/types\/product"}],"replies":[{"embeddable":true,"href":"https:\/\/www.sealtek.com\/it\/wp-json\/wp\/v2\/comments?post=5496"}],"wp:featuredmedia":[{"embeddable":true,"href":"https:\/\/www.sealtek.com\/it\/wp-json\/wp\/v2\/media\/4551"}],"wp:attachment":[{"href":"https:\/\/www.sealtek.com\/it\/wp-json\/wp\/v2\/media?parent=5496"}],"wp:term":[{"taxonomy":"product_brand","embeddable":true,"href":"https:\/\/www.sealtek.com\/it\/wp-json\/wp\/v2\/product_brand?post=5496"},{"taxonomy":"product_cat","embeddable":true,"href":"https:\/\/www.sealtek.com\/it\/wp-json\/wp\/v2\/product_cat?post=5496"},{"taxonomy":"product_tag","embeddable":true,"href":"https:\/\/www.sealtek.com\/it\/wp-json\/wp\/v2\/product_tag?post=5496"}],"curies":[{"name":"wp","href":"https:\/\/api.w.org\/{rel}","templated":true}]}}