{"id":5485,"date":"2024-04-09T16:23:49","date_gmt":"2024-04-09T16:23:49","guid":{"rendered":"https:\/\/www.sealtek.com\/product\/seal-tex-xt-2\/"},"modified":"2024-04-09T16:23:49","modified_gmt":"2024-04-09T16:23:49","slug":"seal-tex-xt-2","status":"publish","type":"product","link":"https:\/\/www.sealtek.com\/it\/product\/seal-tex-xt-2\/","title":{"rendered":"Seal-Tex XT"},"content":{"rendered":"<p>Sigillatura fino a 500\u00b0C.<\/p>\n<p>Seal-Tex XT, certificato ASME PCC-2, rende le perdite lungo le linee di vapore solo un brutto ricordo.<\/p>\n<p>Il vapore \u00e8 uno degli strumenti pi\u00f9 importanti dell&#8217;industria moderna. \u00c8 un fattore chiave per il trasferimento di calore, la sterilizzazione, la propulsione e l&#8217;azionamento, il movente, l&#8217;atomizzazione, la pulizia, l&#8217;idratazione e l&#8217;umidificazione. <\/p>\n<p>Una parte molto consistente del fabbisogno energetico di un&#8217;industria \u00e8 utilizzata dalle caldaie per generare vapore; si stima che in media il 37% di tutto il consumo energetico delle fabbriche sia dedicato alla produzione di vapore, con picchi dell&#8217;81% nella produzione di carta, del 57% nella lavorazione degli alimenti e del 42% nell&#8217;industria chimica.<\/p>\n<p>Tuttavia, il vapore deve essere trasferito dalla caldaia al luogo in cui \u00e8 necessario, e questo avviene attraverso le linee del vapore. Lungo queste linee di vapore si trovano diverse fonti di perdita. <\/p>\n<p>Mentre le perdite sulle valvole del vapore dipendono dalla qualit\u00e0 del dispositivo di tenuta e possono essere virtualmente eliminate utilizzando il Sistema Sealtek Zero Leakage, il luogo principale di perdita di vapore lungo le tubazioni \u00e8 la connessione tra due tubi. Le connessioni filettate rappresentano la maggiore fonte di perdita di vapore, poich\u00e9 l&#8217;espansione e la contrazione del vapore lungo la filettatura durante l&#8217;avvio e la chiusura, insieme alla corrosione causata dall&#8217;acido carbonico presente nella maggior parte dei sistemi, spesso causano il cedimento del giunto e la perdita. Le connessioni saldate offrono vantaggi aggiuntivi limitati, poich\u00e9 il coefficiente di espansione termica della saldatura \u00e8 sempre diverso da quello del tubo, rendendo la giunzione soggetta a corrosione.  <\/p>\n<p>Il costo di una perdita di vapore \u00e8 difficile da determinare, poich\u00e9 l&#8217;area della perdita \u00e8 spesso sconosciuta e le ispezioni visive possono essere pericolose per l&#8217;operatore. Tuttavia, se si considera il costo della perdita da un singolo foro di 1 mm di larghezza e si moltiplica per tutte le perdite di vapore di una fabbrica, diventa chiaro che l&#8217;eliminazione di tali perdite \u00e8 sempre un investimento molto produttivo, indipendentemente dalle dimensioni. <\/p>\n<p>Lo speciale nastro per riparazioni ad alta temperatura Seal-Tex XT, in grado di raggiungere una temperatura massima di 500\u00b0C e che richiede meno di 5 minuti per sigillare completamente una perdita, pu\u00f2 garantire operazioni senza perdite e risparmi energetici oltre ogni immaginazione.<\/p>\n<p>Per applicare Seal-Tex XT basta immergere il nastro in acqua, applicarlo e lasciare che la resina reagisca. Non \u00e8 necessaria alcuna preparazione dell&#8217;area interessata e non \u00e8 necessario interrompere la linea del vapore. <\/p>\n<p>A differenza della saldatura, Seal-Tex XT resiste facilmente alla corrosione dell&#8217;acido carbonico e garantisce oltre 10 anni di sigillatura senza problemi.<\/p>\n<p>Seal-Tex XT \u00e8 certificato ASME-PCC2 per la riparazione di apparecchiature e tubazioni a pressione.<\/p>\n<p>Di seguito sono riportati alcuni esempi di perdite di denaro dovute a perdite di vapore, a seconda della pressione del vapore. (si devono considerare anche altre fonti di costo, come l&#8217;energia spesa per far circolare il vapore dalla caldaia alla perdita). <\/p>\n","protected":false},"excerpt":{"rendered":"<p>Sigillatura fino a 500\u00b0C. Seal-Tex XT, certificato ASME PCC-2, rende le perdite lungo le linee di vapore solo un brutto ricordo. Il vapore \u00e8 uno degli strumenti pi\u00f9 importanti dell&#8217;industria moderna. \u00c8 un fattore chiave per il trasferimento di calore, la sterilizzazione, la propulsione e l&#8217;azionamento, il movente, l&#8217;atomizzazione, la pulizia, l&#8217;idratazione e l&#8217;umidificazione. Una [&hellip;]<\/p>\n","protected":false},"featured_media":4580,"comment_status":"open","ping_status":"closed","template":"","meta":{"_acf_changed":false},"product_brand":[],"product_cat":[101],"product_tag":[],"class_list":{"0":"post-5485","1":"product","2":"type-product","3":"status-publish","4":"has-post-thumbnail","6":"product_cat-nastri-per-riparazione-tubature","8":"first","9":"instock","10":"shipping-taxable","11":"purchasable","12":"product-type-variable"},"acf":[],"yoast_head":"<!-- This site is optimized with the Yoast SEO plugin v27.5 - https:\/\/yoast.com\/product\/yoast-seo-wordpress\/ -->\n<title>Seal-Tex XT - Sealtek<\/title>\n<meta name=\"robots\" content=\"index, follow, max-snippet:-1, max-image-preview:large, max-video-preview:-1\" \/>\n<link rel=\"canonical\" href=\"https:\/\/www.sealtek.com\/it\/product\/seal-tex-xt-2\/\" \/>\n<meta property=\"og:locale\" content=\"it_IT\" \/>\n<meta property=\"og:type\" content=\"article\" \/>\n<meta property=\"og:title\" content=\"Seal-Tex XT - Sealtek\" \/>\n<meta property=\"og:description\" content=\"Sigillatura fino a 500\u00b0C. Seal-Tex XT, certificato ASME PCC-2, rende le perdite lungo le linee di vapore solo un brutto ricordo. Il vapore \u00e8 uno degli strumenti pi\u00f9 importanti dell&#8217;industria moderna. \u00c8 un fattore chiave per il trasferimento di calore, la sterilizzazione, la propulsione e l&#8217;azionamento, il movente, l&#8217;atomizzazione, la pulizia, l&#8217;idratazione e l&#8217;umidificazione. Una [&hellip;]\" \/>\n<meta property=\"og:url\" content=\"https:\/\/www.sealtek.com\/it\/product\/seal-tex-xt-2\/\" \/>\n<meta property=\"og:site_name\" content=\"Sealtek\" \/>\n<meta property=\"og:image\" content=\"https:\/\/www.sealtek.com\/wp-content\/uploads\/2024\/04\/Seal-Tex-XT.jpg\" \/>\n\t<meta property=\"og:image:width\" content=\"1700\" \/>\n\t<meta property=\"og:image:height\" content=\"1133\" \/>\n\t<meta property=\"og:image:type\" content=\"image\/jpeg\" \/>\n<meta name=\"twitter:card\" content=\"summary_large_image\" \/>\n<meta name=\"twitter:label1\" content=\"Tempo di lettura stimato\" \/>\n\t<meta name=\"twitter:data1\" content=\"2 minuti\" \/>\n<script type=\"application\/ld+json\" class=\"yoast-schema-graph\">{\"@context\":\"https:\\\/\\\/schema.org\",\"@graph\":[{\"@type\":\"WebPage\",\"@id\":\"https:\\\/\\\/www.sealtek.com\\\/it\\\/product\\\/seal-tex-xt-2\\\/\",\"url\":\"https:\\\/\\\/www.sealtek.com\\\/it\\\/product\\\/seal-tex-xt-2\\\/\",\"name\":\"Seal-Tex XT - Sealtek\",\"isPartOf\":{\"@id\":\"https:\\\/\\\/www.sealtek.com\\\/#website\"},\"primaryImageOfPage\":{\"@id\":\"https:\\\/\\\/www.sealtek.com\\\/it\\\/product\\\/seal-tex-xt-2\\\/#primaryimage\"},\"image\":{\"@id\":\"https:\\\/\\\/www.sealtek.com\\\/it\\\/product\\\/seal-tex-xt-2\\\/#primaryimage\"},\"thumbnailUrl\":\"https:\\\/\\\/www.sealtek.com\\\/wp-content\\\/uploads\\\/2024\\\/04\\\/Seal-Tex-XT.jpg\",\"datePublished\":\"2024-04-09T16:23:49+00:00\",\"breadcrumb\":{\"@id\":\"https:\\\/\\\/www.sealtek.com\\\/it\\\/product\\\/seal-tex-xt-2\\\/#breadcrumb\"},\"inLanguage\":\"it-IT\",\"potentialAction\":[{\"@type\":\"ReadAction\",\"target\":[\"https:\\\/\\\/www.sealtek.com\\\/it\\\/product\\\/seal-tex-xt-2\\\/\"]}]},{\"@type\":\"ImageObject\",\"inLanguage\":\"it-IT\",\"@id\":\"https:\\\/\\\/www.sealtek.com\\\/it\\\/product\\\/seal-tex-xt-2\\\/#primaryimage\",\"url\":\"https:\\\/\\\/www.sealtek.com\\\/wp-content\\\/uploads\\\/2024\\\/04\\\/Seal-Tex-XT.jpg\",\"contentUrl\":\"https:\\\/\\\/www.sealtek.com\\\/wp-content\\\/uploads\\\/2024\\\/04\\\/Seal-Tex-XT.jpg\",\"width\":1700,\"height\":1133},{\"@type\":\"BreadcrumbList\",\"@id\":\"https:\\\/\\\/www.sealtek.com\\\/it\\\/product\\\/seal-tex-xt-2\\\/#breadcrumb\",\"itemListElement\":[{\"@type\":\"ListItem\",\"position\":1,\"name\":\"Home\",\"item\":\"https:\\\/\\\/www.sealtek.com\\\/it\\\/home\\\/\"},{\"@type\":\"ListItem\",\"position\":2,\"name\":\"Shop\",\"item\":\"https:\\\/\\\/www.sealtek.com\\\/shop-2\\\/\"},{\"@type\":\"ListItem\",\"position\":3,\"name\":\"Seal-Tex XT\"}]},{\"@type\":\"WebSite\",\"@id\":\"https:\\\/\\\/www.sealtek.com\\\/#website\",\"url\":\"https:\\\/\\\/www.sealtek.com\\\/\",\"name\":\"Sealtek\",\"description\":\"High technology in industrial maintenance\",\"publisher\":{\"@id\":\"https:\\\/\\\/www.sealtek.com\\\/#organization\"},\"potentialAction\":[{\"@type\":\"SearchAction\",\"target\":{\"@type\":\"EntryPoint\",\"urlTemplate\":\"https:\\\/\\\/www.sealtek.com\\\/?s={search_term_string}\"},\"query-input\":{\"@type\":\"PropertyValueSpecification\",\"valueRequired\":true,\"valueName\":\"search_term_string\"}}],\"inLanguage\":\"it-IT\"},{\"@type\":\"Organization\",\"@id\":\"https:\\\/\\\/www.sealtek.com\\\/#organization\",\"name\":\"Sealtek\",\"url\":\"https:\\\/\\\/www.sealtek.com\\\/\",\"logo\":{\"@type\":\"ImageObject\",\"inLanguage\":\"it-IT\",\"@id\":\"https:\\\/\\\/www.sealtek.com\\\/#\\\/schema\\\/logo\\\/image\\\/\",\"url\":\"https:\\\/\\\/www.sealtek.com\\\/wp-content\\\/uploads\\\/2023\\\/12\\\/Sealtek-Logo.png\",\"contentUrl\":\"https:\\\/\\\/www.sealtek.com\\\/wp-content\\\/uploads\\\/2023\\\/12\\\/Sealtek-Logo.png\",\"width\":456,\"height\":87,\"caption\":\"Sealtek\"},\"image\":{\"@id\":\"https:\\\/\\\/www.sealtek.com\\\/#\\\/schema\\\/logo\\\/image\\\/\"}}]}<\/script>\n<!-- \/ Yoast SEO plugin. -->","yoast_head_json":{"title":"Seal-Tex XT - Sealtek","robots":{"index":"index","follow":"follow","max-snippet":"max-snippet:-1","max-image-preview":"max-image-preview:large","max-video-preview":"max-video-preview:-1"},"canonical":"https:\/\/www.sealtek.com\/it\/product\/seal-tex-xt-2\/","og_locale":"it_IT","og_type":"article","og_title":"Seal-Tex XT - Sealtek","og_description":"Sigillatura fino a 500\u00b0C. Seal-Tex XT, certificato ASME PCC-2, rende le perdite lungo le linee di vapore solo un brutto ricordo. Il vapore \u00e8 uno degli strumenti pi\u00f9 importanti dell&#8217;industria moderna. \u00c8 un fattore chiave per il trasferimento di calore, la sterilizzazione, la propulsione e l&#8217;azionamento, il movente, l&#8217;atomizzazione, la pulizia, l&#8217;idratazione e l&#8217;umidificazione. Una [&hellip;]","og_url":"https:\/\/www.sealtek.com\/it\/product\/seal-tex-xt-2\/","og_site_name":"Sealtek","og_image":[{"width":1700,"height":1133,"url":"https:\/\/www.sealtek.com\/wp-content\/uploads\/2024\/04\/Seal-Tex-XT.jpg","type":"image\/jpeg"}],"twitter_card":"summary_large_image","twitter_misc":{"Tempo di lettura stimato":"2 minuti"},"schema":{"@context":"https:\/\/schema.org","@graph":[{"@type":"WebPage","@id":"https:\/\/www.sealtek.com\/it\/product\/seal-tex-xt-2\/","url":"https:\/\/www.sealtek.com\/it\/product\/seal-tex-xt-2\/","name":"Seal-Tex XT - Sealtek","isPartOf":{"@id":"https:\/\/www.sealtek.com\/#website"},"primaryImageOfPage":{"@id":"https:\/\/www.sealtek.com\/it\/product\/seal-tex-xt-2\/#primaryimage"},"image":{"@id":"https:\/\/www.sealtek.com\/it\/product\/seal-tex-xt-2\/#primaryimage"},"thumbnailUrl":"https:\/\/www.sealtek.com\/wp-content\/uploads\/2024\/04\/Seal-Tex-XT.jpg","datePublished":"2024-04-09T16:23:49+00:00","breadcrumb":{"@id":"https:\/\/www.sealtek.com\/it\/product\/seal-tex-xt-2\/#breadcrumb"},"inLanguage":"it-IT","potentialAction":[{"@type":"ReadAction","target":["https:\/\/www.sealtek.com\/it\/product\/seal-tex-xt-2\/"]}]},{"@type":"ImageObject","inLanguage":"it-IT","@id":"https:\/\/www.sealtek.com\/it\/product\/seal-tex-xt-2\/#primaryimage","url":"https:\/\/www.sealtek.com\/wp-content\/uploads\/2024\/04\/Seal-Tex-XT.jpg","contentUrl":"https:\/\/www.sealtek.com\/wp-content\/uploads\/2024\/04\/Seal-Tex-XT.jpg","width":1700,"height":1133},{"@type":"BreadcrumbList","@id":"https:\/\/www.sealtek.com\/it\/product\/seal-tex-xt-2\/#breadcrumb","itemListElement":[{"@type":"ListItem","position":1,"name":"Home","item":"https:\/\/www.sealtek.com\/it\/home\/"},{"@type":"ListItem","position":2,"name":"Shop","item":"https:\/\/www.sealtek.com\/shop-2\/"},{"@type":"ListItem","position":3,"name":"Seal-Tex XT"}]},{"@type":"WebSite","@id":"https:\/\/www.sealtek.com\/#website","url":"https:\/\/www.sealtek.com\/","name":"Sealtek","description":"High technology in industrial maintenance","publisher":{"@id":"https:\/\/www.sealtek.com\/#organization"},"potentialAction":[{"@type":"SearchAction","target":{"@type":"EntryPoint","urlTemplate":"https:\/\/www.sealtek.com\/?s={search_term_string}"},"query-input":{"@type":"PropertyValueSpecification","valueRequired":true,"valueName":"search_term_string"}}],"inLanguage":"it-IT"},{"@type":"Organization","@id":"https:\/\/www.sealtek.com\/#organization","name":"Sealtek","url":"https:\/\/www.sealtek.com\/","logo":{"@type":"ImageObject","inLanguage":"it-IT","@id":"https:\/\/www.sealtek.com\/#\/schema\/logo\/image\/","url":"https:\/\/www.sealtek.com\/wp-content\/uploads\/2023\/12\/Sealtek-Logo.png","contentUrl":"https:\/\/www.sealtek.com\/wp-content\/uploads\/2023\/12\/Sealtek-Logo.png","width":456,"height":87,"caption":"Sealtek"},"image":{"@id":"https:\/\/www.sealtek.com\/#\/schema\/logo\/image\/"}}]}},"_links":{"self":[{"href":"https:\/\/www.sealtek.com\/it\/wp-json\/wp\/v2\/product\/5485","targetHints":{"allow":["GET"]}}],"collection":[{"href":"https:\/\/www.sealtek.com\/it\/wp-json\/wp\/v2\/product"}],"about":[{"href":"https:\/\/www.sealtek.com\/it\/wp-json\/wp\/v2\/types\/product"}],"replies":[{"embeddable":true,"href":"https:\/\/www.sealtek.com\/it\/wp-json\/wp\/v2\/comments?post=5485"}],"wp:featuredmedia":[{"embeddable":true,"href":"https:\/\/www.sealtek.com\/it\/wp-json\/wp\/v2\/media\/4580"}],"wp:attachment":[{"href":"https:\/\/www.sealtek.com\/it\/wp-json\/wp\/v2\/media?parent=5485"}],"wp:term":[{"taxonomy":"product_brand","embeddable":true,"href":"https:\/\/www.sealtek.com\/it\/wp-json\/wp\/v2\/product_brand?post=5485"},{"taxonomy":"product_cat","embeddable":true,"href":"https:\/\/www.sealtek.com\/it\/wp-json\/wp\/v2\/product_cat?post=5485"},{"taxonomy":"product_tag","embeddable":true,"href":"https:\/\/www.sealtek.com\/it\/wp-json\/wp\/v2\/product_tag?post=5485"}],"curies":[{"name":"wp","href":"https:\/\/api.w.org\/{rel}","templated":true}]}}