{"id":5330,"date":"2024-04-09T16:11:16","date_gmt":"2024-04-09T16:11:16","guid":{"rendered":"https:\/\/www.sealtek.com\/product\/style-688-split\/"},"modified":"2024-04-09T16:11:16","modified_gmt":"2024-04-09T16:11:16","slug":"style-688-split","status":"publish","type":"product","link":"https:\/\/www.sealtek.com\/it\/product\/style-688-split\/","title":{"rendered":"Style 688 SPLIT"},"content":{"rendered":"<p>Pur mantenendo gli stessi vantaggi che rendono la Style 600SL tra le pi\u00f9 efficienti tenute meccaniche al mondo, la Style 688 offre una facilit\u00e0 di installazione impareggiabile per applicazioni dove una tenuta meccanica split \u00e8 preferibile. <\/p>\n<p>Dopo che le due met\u00e0 pre-assemblate sono unite, nessuna ulteriore azione \u00e8 richiesta, riducendo dunque drasticamente le possibilit\u00e0 di errori dovuti all\u2019installazione.<\/p>\n<p>La Style 688 \u00e8 anche disponibile in configurazione semi-split per prestazioni superiori, con flangia standard in un pezzo e parti intercambiabili split.<\/p>\n","protected":false},"excerpt":{"rendered":"<p>Pur mantenendo gli stessi vantaggi che rendono la Style 600SL tra le pi\u00f9 efficienti tenute meccaniche al mondo, la Style 688 offre una facilit\u00e0 di installazione impareggiabile per applicazioni dove una tenuta meccanica split \u00e8 preferibile. Dopo che le due met\u00e0 pre-assemblate sono unite, nessuna ulteriore azione \u00e8 richiesta, riducendo dunque drasticamente le possibilit\u00e0 di [&hellip;]<\/p>\n","protected":false},"featured_media":4562,"comment_status":"open","ping_status":"closed","template":"","meta":{"_acf_changed":false},"product_brand":[],"product_cat":[99,107],"product_tag":[],"class_list":{"0":"post-5330","1":"product","2":"type-product","3":"status-publish","4":"has-post-thumbnail","6":"product_cat-brevetto-tenute-meccaniche-senza-bussola","7":"product_cat-tenuta-meccanica-split","9":"first","10":"instock","11":"shipping-taxable","12":"purchasable","13":"product-type-simple"},"acf":[],"yoast_head":"<!-- This site is optimized with the Yoast SEO plugin v27.5 - https:\/\/yoast.com\/product\/yoast-seo-wordpress\/ -->\n<title>Style 688 SPLIT - Sealtek<\/title>\n<meta name=\"robots\" content=\"index, follow, max-snippet:-1, max-image-preview:large, max-video-preview:-1\" \/>\n<link rel=\"canonical\" href=\"https:\/\/www.sealtek.com\/it\/product\/style-688-split\/\" \/>\n<meta property=\"og:locale\" content=\"it_IT\" \/>\n<meta property=\"og:type\" content=\"article\" \/>\n<meta property=\"og:title\" content=\"Style 688 SPLIT - Sealtek\" \/>\n<meta property=\"og:description\" content=\"Pur mantenendo gli stessi vantaggi che rendono la Style 600SL tra le pi\u00f9 efficienti tenute meccaniche al mondo, la Style 688 offre una facilit\u00e0 di installazione impareggiabile per applicazioni dove una tenuta meccanica split \u00e8 preferibile. Dopo che le due met\u00e0 pre-assemblate sono unite, nessuna ulteriore azione \u00e8 richiesta, riducendo dunque drasticamente le possibilit\u00e0 di [&hellip;]\" \/>\n<meta property=\"og:url\" content=\"https:\/\/www.sealtek.com\/it\/product\/style-688-split\/\" \/>\n<meta property=\"og:site_name\" content=\"Sealtek\" \/>\n<meta property=\"og:image\" content=\"https:\/\/www.sealtek.com\/wp-content\/uploads\/2024\/04\/STYLE_688_SPLIT_1-2.jpg\" \/>\n\t<meta property=\"og:image:width\" content=\"1868\" \/>\n\t<meta property=\"og:image:height\" content=\"2105\" \/>\n\t<meta property=\"og:image:type\" content=\"image\/jpeg\" \/>\n<meta name=\"twitter:card\" content=\"summary_large_image\" \/>\n<script type=\"application\/ld+json\" class=\"yoast-schema-graph\">{\"@context\":\"https:\\\/\\\/schema.org\",\"@graph\":[{\"@type\":\"WebPage\",\"@id\":\"https:\\\/\\\/www.sealtek.com\\\/it\\\/product\\\/style-688-split\\\/\",\"url\":\"https:\\\/\\\/www.sealtek.com\\\/it\\\/product\\\/style-688-split\\\/\",\"name\":\"Style 688 SPLIT - Sealtek\",\"isPartOf\":{\"@id\":\"https:\\\/\\\/www.sealtek.com\\\/#website\"},\"primaryImageOfPage\":{\"@id\":\"https:\\\/\\\/www.sealtek.com\\\/it\\\/product\\\/style-688-split\\\/#primaryimage\"},\"image\":{\"@id\":\"https:\\\/\\\/www.sealtek.com\\\/it\\\/product\\\/style-688-split\\\/#primaryimage\"},\"thumbnailUrl\":\"https:\\\/\\\/www.sealtek.com\\\/wp-content\\\/uploads\\\/2024\\\/04\\\/STYLE_688_SPLIT_1-2.jpg\",\"datePublished\":\"2024-04-09T16:11:16+00:00\",\"breadcrumb\":{\"@id\":\"https:\\\/\\\/www.sealtek.com\\\/it\\\/product\\\/style-688-split\\\/#breadcrumb\"},\"inLanguage\":\"it-IT\",\"potentialAction\":[{\"@type\":\"ReadAction\",\"target\":[\"https:\\\/\\\/www.sealtek.com\\\/it\\\/product\\\/style-688-split\\\/\"]}]},{\"@type\":\"ImageObject\",\"inLanguage\":\"it-IT\",\"@id\":\"https:\\\/\\\/www.sealtek.com\\\/it\\\/product\\\/style-688-split\\\/#primaryimage\",\"url\":\"https:\\\/\\\/www.sealtek.com\\\/wp-content\\\/uploads\\\/2024\\\/04\\\/STYLE_688_SPLIT_1-2.jpg\",\"contentUrl\":\"https:\\\/\\\/www.sealtek.com\\\/wp-content\\\/uploads\\\/2024\\\/04\\\/STYLE_688_SPLIT_1-2.jpg\",\"width\":1868,\"height\":2105},{\"@type\":\"BreadcrumbList\",\"@id\":\"https:\\\/\\\/www.sealtek.com\\\/it\\\/product\\\/style-688-split\\\/#breadcrumb\",\"itemListElement\":[{\"@type\":\"ListItem\",\"position\":1,\"name\":\"Home\",\"item\":\"https:\\\/\\\/www.sealtek.com\\\/it\\\/home\\\/\"},{\"@type\":\"ListItem\",\"position\":2,\"name\":\"Shop\",\"item\":\"https:\\\/\\\/www.sealtek.com\\\/shop-2\\\/\"},{\"@type\":\"ListItem\",\"position\":3,\"name\":\"Style 688 SPLIT\"}]},{\"@type\":\"WebSite\",\"@id\":\"https:\\\/\\\/www.sealtek.com\\\/#website\",\"url\":\"https:\\\/\\\/www.sealtek.com\\\/\",\"name\":\"Sealtek\",\"description\":\"High technology in industrial maintenance\",\"publisher\":{\"@id\":\"https:\\\/\\\/www.sealtek.com\\\/#organization\"},\"potentialAction\":[{\"@type\":\"SearchAction\",\"target\":{\"@type\":\"EntryPoint\",\"urlTemplate\":\"https:\\\/\\\/www.sealtek.com\\\/?s={search_term_string}\"},\"query-input\":{\"@type\":\"PropertyValueSpecification\",\"valueRequired\":true,\"valueName\":\"search_term_string\"}}],\"inLanguage\":\"it-IT\"},{\"@type\":\"Organization\",\"@id\":\"https:\\\/\\\/www.sealtek.com\\\/#organization\",\"name\":\"Sealtek\",\"url\":\"https:\\\/\\\/www.sealtek.com\\\/\",\"logo\":{\"@type\":\"ImageObject\",\"inLanguage\":\"it-IT\",\"@id\":\"https:\\\/\\\/www.sealtek.com\\\/#\\\/schema\\\/logo\\\/image\\\/\",\"url\":\"https:\\\/\\\/www.sealtek.com\\\/wp-content\\\/uploads\\\/2023\\\/12\\\/Sealtek-Logo.png\",\"contentUrl\":\"https:\\\/\\\/www.sealtek.com\\\/wp-content\\\/uploads\\\/2023\\\/12\\\/Sealtek-Logo.png\",\"width\":456,\"height\":87,\"caption\":\"Sealtek\"},\"image\":{\"@id\":\"https:\\\/\\\/www.sealtek.com\\\/#\\\/schema\\\/logo\\\/image\\\/\"}}]}<\/script>\n<!-- \/ Yoast SEO plugin. -->","yoast_head_json":{"title":"Style 688 SPLIT - Sealtek","robots":{"index":"index","follow":"follow","max-snippet":"max-snippet:-1","max-image-preview":"max-image-preview:large","max-video-preview":"max-video-preview:-1"},"canonical":"https:\/\/www.sealtek.com\/it\/product\/style-688-split\/","og_locale":"it_IT","og_type":"article","og_title":"Style 688 SPLIT - Sealtek","og_description":"Pur mantenendo gli stessi vantaggi che rendono la Style 600SL tra le pi\u00f9 efficienti tenute meccaniche al mondo, la Style 688 offre una facilit\u00e0 di installazione impareggiabile per applicazioni dove una tenuta meccanica split \u00e8 preferibile. Dopo che le due met\u00e0 pre-assemblate sono unite, nessuna ulteriore azione \u00e8 richiesta, riducendo dunque drasticamente le possibilit\u00e0 di [&hellip;]","og_url":"https:\/\/www.sealtek.com\/it\/product\/style-688-split\/","og_site_name":"Sealtek","og_image":[{"width":1868,"height":2105,"url":"https:\/\/www.sealtek.com\/wp-content\/uploads\/2024\/04\/STYLE_688_SPLIT_1-2.jpg","type":"image\/jpeg"}],"twitter_card":"summary_large_image","schema":{"@context":"https:\/\/schema.org","@graph":[{"@type":"WebPage","@id":"https:\/\/www.sealtek.com\/it\/product\/style-688-split\/","url":"https:\/\/www.sealtek.com\/it\/product\/style-688-split\/","name":"Style 688 SPLIT - Sealtek","isPartOf":{"@id":"https:\/\/www.sealtek.com\/#website"},"primaryImageOfPage":{"@id":"https:\/\/www.sealtek.com\/it\/product\/style-688-split\/#primaryimage"},"image":{"@id":"https:\/\/www.sealtek.com\/it\/product\/style-688-split\/#primaryimage"},"thumbnailUrl":"https:\/\/www.sealtek.com\/wp-content\/uploads\/2024\/04\/STYLE_688_SPLIT_1-2.jpg","datePublished":"2024-04-09T16:11:16+00:00","breadcrumb":{"@id":"https:\/\/www.sealtek.com\/it\/product\/style-688-split\/#breadcrumb"},"inLanguage":"it-IT","potentialAction":[{"@type":"ReadAction","target":["https:\/\/www.sealtek.com\/it\/product\/style-688-split\/"]}]},{"@type":"ImageObject","inLanguage":"it-IT","@id":"https:\/\/www.sealtek.com\/it\/product\/style-688-split\/#primaryimage","url":"https:\/\/www.sealtek.com\/wp-content\/uploads\/2024\/04\/STYLE_688_SPLIT_1-2.jpg","contentUrl":"https:\/\/www.sealtek.com\/wp-content\/uploads\/2024\/04\/STYLE_688_SPLIT_1-2.jpg","width":1868,"height":2105},{"@type":"BreadcrumbList","@id":"https:\/\/www.sealtek.com\/it\/product\/style-688-split\/#breadcrumb","itemListElement":[{"@type":"ListItem","position":1,"name":"Home","item":"https:\/\/www.sealtek.com\/it\/home\/"},{"@type":"ListItem","position":2,"name":"Shop","item":"https:\/\/www.sealtek.com\/shop-2\/"},{"@type":"ListItem","position":3,"name":"Style 688 SPLIT"}]},{"@type":"WebSite","@id":"https:\/\/www.sealtek.com\/#website","url":"https:\/\/www.sealtek.com\/","name":"Sealtek","description":"High technology in industrial maintenance","publisher":{"@id":"https:\/\/www.sealtek.com\/#organization"},"potentialAction":[{"@type":"SearchAction","target":{"@type":"EntryPoint","urlTemplate":"https:\/\/www.sealtek.com\/?s={search_term_string}"},"query-input":{"@type":"PropertyValueSpecification","valueRequired":true,"valueName":"search_term_string"}}],"inLanguage":"it-IT"},{"@type":"Organization","@id":"https:\/\/www.sealtek.com\/#organization","name":"Sealtek","url":"https:\/\/www.sealtek.com\/","logo":{"@type":"ImageObject","inLanguage":"it-IT","@id":"https:\/\/www.sealtek.com\/#\/schema\/logo\/image\/","url":"https:\/\/www.sealtek.com\/wp-content\/uploads\/2023\/12\/Sealtek-Logo.png","contentUrl":"https:\/\/www.sealtek.com\/wp-content\/uploads\/2023\/12\/Sealtek-Logo.png","width":456,"height":87,"caption":"Sealtek"},"image":{"@id":"https:\/\/www.sealtek.com\/#\/schema\/logo\/image\/"}}]}},"_links":{"self":[{"href":"https:\/\/www.sealtek.com\/it\/wp-json\/wp\/v2\/product\/5330","targetHints":{"allow":["GET"]}}],"collection":[{"href":"https:\/\/www.sealtek.com\/it\/wp-json\/wp\/v2\/product"}],"about":[{"href":"https:\/\/www.sealtek.com\/it\/wp-json\/wp\/v2\/types\/product"}],"replies":[{"embeddable":true,"href":"https:\/\/www.sealtek.com\/it\/wp-json\/wp\/v2\/comments?post=5330"}],"wp:featuredmedia":[{"embeddable":true,"href":"https:\/\/www.sealtek.com\/it\/wp-json\/wp\/v2\/media\/4562"}],"wp:attachment":[{"href":"https:\/\/www.sealtek.com\/it\/wp-json\/wp\/v2\/media?parent=5330"}],"wp:term":[{"taxonomy":"product_brand","embeddable":true,"href":"https:\/\/www.sealtek.com\/it\/wp-json\/wp\/v2\/product_brand?post=5330"},{"taxonomy":"product_cat","embeddable":true,"href":"https:\/\/www.sealtek.com\/it\/wp-json\/wp\/v2\/product_cat?post=5330"},{"taxonomy":"product_tag","embeddable":true,"href":"https:\/\/www.sealtek.com\/it\/wp-json\/wp\/v2\/product_tag?post=5330"}],"curies":[{"name":"wp","href":"https:\/\/api.w.org\/{rel}","templated":true}]}}