{"id":4810,"date":"2024-02-12T12:01:17","date_gmt":"2024-02-12T12:01:17","guid":{"rendered":"https:\/\/www.sealtek.com\/transizione-verde\/"},"modified":"2024-09-11T12:34:08","modified_gmt":"2024-09-11T12:34:08","slug":"transizione-verde","status":"publish","type":"page","link":"https:\/\/www.sealtek.com\/it\/transizione-verde\/","title":{"rendered":"Transizione Verde"},"content":{"rendered":"\t\t<div data-elementor-type=\"wp-page\" data-elementor-id=\"4810\" class=\"elementor elementor-4810 elementor-897\" data-elementor-post-type=\"page\">\n\t\t\t\t<div class=\"elementor-element elementor-element-60a3d51 e-flex e-con-boxed e-con e-parent\" data-id=\"60a3d51\" data-element_type=\"container\" data-e-type=\"container\">\n\t\t\t\t\t<div class=\"e-con-inner\">\n\t\t\t\t<div class=\"elementor-element elementor-element-0bb9a0a elementor-align-left elementor-widget elementor-widget-breadcrumbs\" data-id=\"0bb9a0a\" data-element_type=\"widget\" data-e-type=\"widget\" data-widget_type=\"breadcrumbs.default\">\n\t\t\t\t<div class=\"elementor-widget-container\">\n\t\t\t\t\t<p id=\"breadcrumbs\"><span><span><a href=\"https:\/\/www.sealtek.com\/it\/home\/\">Home<\/a><\/span><\/span><\/p>\t\t\t\t<\/div>\n\t\t\t\t<\/div>\n\t\t\t\t\t<\/div>\n\t\t\t\t<\/div>\n\t\t<div class=\"elementor-element elementor-element-5ed47b0 e-flex e-con-boxed e-con e-parent\" data-id=\"5ed47b0\" data-element_type=\"container\" data-e-type=\"container\">\n\t\t\t\t\t<div class=\"e-con-inner\">\n\t\t<div class=\"elementor-element elementor-element-5504dc4 e-flex e-con-boxed e-con e-child\" data-id=\"5504dc4\" data-element_type=\"container\" data-e-type=\"container\">\n\t\t\t\t\t<div class=\"e-con-inner\">\n\t\t<div class=\"elementor-element elementor-element-e1ad579 e-flex e-con-boxed e-con e-child\" data-id=\"e1ad579\" data-element_type=\"container\" data-e-type=\"container\">\n\t\t\t\t\t<div class=\"e-con-inner\">\n\t\t\t\t<div class=\"elementor-element elementor-element-28d435f elementor-widget elementor-widget-heading\" data-id=\"28d435f\" data-element_type=\"widget\" data-e-type=\"widget\" data-widget_type=\"heading.default\">\n\t\t\t\t<div class=\"elementor-widget-container\">\n\t\t\t\t\t<h1 class=\"elementor-heading-title elementor-size-default\">Transizione Verde e sostenibilit\u00e0<\/h1>\t\t\t\t<\/div>\n\t\t\t\t<\/div>\n\t\t\t\t<div class=\"elementor-element elementor-element-eb02746 elementor-widget elementor-widget-heading\" data-id=\"eb02746\" data-element_type=\"widget\" data-e-type=\"widget\" data-widget_type=\"heading.default\">\n\t\t\t\t<div class=\"elementor-widget-container\">\n\t\t\t\t\t<h1 class=\"elementor-heading-title elementor-size-default\">I dispositivi di tenuta sono un fattore chiave per raggiungere una maggiore sostenibilit\u00e0 nei processi industriali. La prevenzione delle perdite pu\u00f2 essere effettuata con gradi di efficienza ambientale molto diversi. <\/h1>\t\t\t\t<\/div>\n\t\t\t\t<\/div>\n\t\t\t\t\t<\/div>\n\t\t\t\t<\/div>\n\t\t\t\t\t<\/div>\n\t\t\t\t<\/div>\n\t\t\t\t\t<\/div>\n\t\t\t\t<\/div>\n\t\t<div class=\"elementor-element elementor-element-910536c e-flex e-con-boxed e-con e-parent\" data-id=\"910536c\" data-element_type=\"container\" data-e-type=\"container\">\n\t\t\t\t\t<div class=\"e-con-inner\">\n\t\t<div class=\"elementor-element elementor-element-a823881 e-con-full e-flex e-con e-child\" data-id=\"a823881\" data-element_type=\"container\" data-e-type=\"container\">\n\t\t\t\t<div class=\"elementor-element elementor-element-c04c6c1 elementor-widget-laptop__width-auto elementor-widget elementor-widget-heading\" data-id=\"c04c6c1\" data-element_type=\"widget\" data-e-type=\"widget\" data-widget_type=\"heading.default\">\n\t\t\t\t<div class=\"elementor-widget-container\">\n\t\t\t\t\t<h1 class=\"elementor-heading-title elementor-size-default\">Risparmio di energia<\/h1>\t\t\t\t<\/div>\n\t\t\t\t<\/div>\n\t\t\t\t<div class=\"elementor-element elementor-element-0f4504f elementor-widget elementor-widget-text-editor\" data-id=\"0f4504f\" data-element_type=\"widget\" data-e-type=\"widget\" data-widget_type=\"text-editor.default\">\n\t\t\t\t<div class=\"elementor-widget-container\">\n\t\t\t\t\t\t\t\t\t<p><strong>Come ci si sentirebbe se un&#8217;auto dovesse viaggiare con il freno a mano tirato?<\/strong><\/p>\n<p>Questo \u00e8 ci\u00f2 che accade quotidianamente alle apparecchiature rotanti che utilizzano soluzioni di tenuta a bassa tecnologia. <strong>I dispositivi di tenuta assorbono parte dell&#8217;energia sviluppata dal motore della pompa e la trasformano in calore attraverso l&#8217;attrito delle sue parti.<\/strong><\/p>\n<p>Tale calore, quando eccessivo, pu\u00f2 anche richiedere ulteriore energia e acqua per essere dissipato. <strong>\u00c8 noto che le baderne assorbono fino al 10% dell&#8217;energia totale prodotta dal motore di una pompa<\/strong>, mentre per una tenuta meccanica bilanciata questo valore \u00e8 tipicamente intorno all&#8217;1%. <strong>Ma l\u20191% \u00e8 abbastanza basso? <\/strong><\/p>\n<p>Una tenuta meccanica che <strong>utilizza la tecnologia di rivestimento diamantato Sealtek\u00ae presenta un coefficiente di attrito tra 7 e 8 volte inferiore <\/strong>rispetto ad un accoppiamento di facce di tenuta convenzionale come il carburo di silicio autoaccoppiato. Poich\u00e9 l\u2019assorbimento di potenza di una tenuta meccanica \u00e8 direttamente proporzionale al suo coefficiente di attrito, e una tenuta meccanica in un\u2019applicazione media (non ad alta velocit\u00e0 e non ad alta pressione) pu\u00f2 facilmente assorbire pi\u00f9 di 200W, si <strong>pu\u00f2 calcolare che la differenza tra una una tenuta convenzionale e una tenuta diamantata equivarrebbero a qualcosa come 1 MWh all&#8217;anno, per una sola pompa.<\/strong> <\/p>\n<p>Allo stesso tempo, le guarnizioni diamantate mantengono un basso attrito e un basso spreco di energia pur consentendo la minima perdita possibile, mentre per le guarnizioni convenzionali l&#8217;unico modo per mantenere l&#8217;attrito entro livelli ragionevoli \u00e8 lasciare passare pi\u00f9 fluido attraverso le facce della guarnizione, per mantenerle lubrificate.<\/p>\n\t\t\t\t\t\t\t\t<\/div>\n\t\t\t\t<\/div>\n\t\t\t\t<\/div>\n\t\t<div class=\"elementor-element elementor-element-0367e07 e-con-full e-flex e-con e-child\" data-id=\"0367e07\" data-element_type=\"container\" data-e-type=\"container\">\n\t\t\t\t<div class=\"elementor-element elementor-element-425a59f elementor-widget elementor-widget-image\" data-id=\"425a59f\" data-element_type=\"widget\" data-e-type=\"widget\" data-widget_type=\"image.default\">\n\t\t\t\t<div class=\"elementor-widget-container\">\n\t\t\t\t\t\t\t\t\t\t\t\t\t\t\t<img decoding=\"async\" src=\"https:\/\/www.sealtek.com\/wp-content\/uploads\/elementor\/thumbs\/daniel-norin-6zKEK46iVIc-unsplash-scaled-qjss14bljt1poa05wd2t6akcvmv5u8dzjbjpx849c0.jpg\" title=\"daniel-norin-6zKEK46iVIc-unsplash\" alt=\"daniel-norin-6zKEK46iVIc-unsplash\" loading=\"lazy\" \/>\t\t\t\t\t\t\t\t\t\t\t\t\t\t\t<\/div>\n\t\t\t\t<\/div>\n\t\t\t\t<\/div>\n\t\t\t\t\t<\/div>\n\t\t\t\t<\/div>\n\t\t<div class=\"elementor-element elementor-element-aeaaeae e-flex e-con-boxed e-con e-parent\" data-id=\"aeaaeae\" data-element_type=\"container\" data-e-type=\"container\">\n\t\t\t\t\t<div class=\"e-con-inner\">\n\t\t\t\t<div class=\"elementor-element elementor-element-44f3e38 elementor-widget elementor-widget-spacer\" data-id=\"44f3e38\" data-element_type=\"widget\" data-e-type=\"widget\" data-widget_type=\"spacer.default\">\n\t\t\t\t<div class=\"elementor-widget-container\">\n\t\t\t\t\t\t\t<div class=\"elementor-spacer\">\n\t\t\t<div class=\"elementor-spacer-inner\"><\/div>\n\t\t<\/div>\n\t\t\t\t\t\t<\/div>\n\t\t\t\t<\/div>\n\t\t\t\t\t<\/div>\n\t\t\t\t<\/div>\n\t\t<div class=\"elementor-element elementor-element-3b8b1d6 e-con-full e-flex e-con e-parent\" data-id=\"3b8b1d6\" data-element_type=\"container\" data-e-type=\"container\">\n\t\t\t\t<div class=\"elementor-element elementor-element-c585564 elementor-widget__width-initial elementor-widget elementor-widget-image\" data-id=\"c585564\" data-element_type=\"widget\" data-e-type=\"widget\" data-widget_type=\"image.default\">\n\t\t\t\t<div class=\"elementor-widget-container\">\n\t\t\t\t\t\t\t\t\t\t\t\t\t\t\t<img decoding=\"async\" src=\"https:\/\/www.sealtek.com\/wp-content\/uploads\/elementor\/thumbs\/Water-saving-i-qmjuiprve03p07wyjjjijox6dsvtty7cb4oe2ugqog.jpg\" title=\"Water-saving-i\" alt=\"Water-saving-i\" loading=\"lazy\" \/>\t\t\t\t\t\t\t\t\t\t\t\t\t\t\t<\/div>\n\t\t\t\t<\/div>\n\t\t<div class=\"elementor-element elementor-element-7e181b3 e-flex e-con-boxed e-con e-child\" data-id=\"7e181b3\" data-element_type=\"container\" data-e-type=\"container\">\n\t\t\t\t\t<div class=\"e-con-inner\">\n\t\t\t\t<div class=\"elementor-element elementor-element-89125d6 elementor-widget elementor-widget-heading\" data-id=\"89125d6\" data-element_type=\"widget\" data-e-type=\"widget\" data-widget_type=\"heading.default\">\n\t\t\t\t<div class=\"elementor-widget-container\">\n\t\t\t\t\t<h1 class=\"elementor-heading-title elementor-size-default\">Risparmio d'acqua<\/h1>\t\t\t\t<\/div>\n\t\t\t\t<\/div>\n\t\t\t\t<div class=\"elementor-element elementor-element-abca623 elementor-widget elementor-widget-text-editor\" data-id=\"abca623\" data-element_type=\"widget\" data-e-type=\"widget\" data-widget_type=\"text-editor.default\">\n\t\t\t\t<div class=\"elementor-widget-container\">\n\t\t\t\t\t\t\t\t\t<p>Water is often used among different industries to dilute process fluids when they are so dense that they would otherwise be impossible to seal. This can be done with mechanical seals and packings alike. <\/p>\n<p><strong>L&#8217;acqua viene spesso utilizzata in diversi settori per diluire i fluidi di processo quando sono cos\u00ec densi che altrimenti sarebbe impossibile sigillarli. Ci\u00f2 pu\u00f2 essere fatto sia con tenute meccaniche che con baderne. La quantit\u00e0 di acqua, che spesso viene prelevata da fonti d&#8217;acqua dolce come fiumi e laghi, pu\u00f2 arrivare fino a 25 m\u00b3\/ora. Ci\u00f2 si tradurrebbe in circa 200.000 m\u00b3\/anno, per una sola pompa. <\/strong><\/p>\n<\/p>\n<p><strong>La Style 907, il nuovo modello brevettato Sealtek\u00ae, \u00e8 una soluzione per eliminare completamente il consumo di acqua di scarico nelle applicazioni con liquami:<\/strong> non si tratta di ridurre questo consumo in una certa misura, ma di eliminarlo completamente senza compromettere il successo dell&#8217;applicazione.<\/p>\n<\/p>\n<p>Come effetto collaterale, ogni volta che viene eliminata l&#8217;acqua di scarico, <strong>Style 907 consente anche di risparmiare l&#8217;energia precedentemente utilizzata per iniettare tale acqua.<\/strong><\/p>\n\t\t\t\t\t\t\t\t<\/div>\n\t\t\t\t<\/div>\n\t\t\t\t\t<\/div>\n\t\t\t\t<\/div>\n\t\t\t\t<\/div>\n\t\t<div class=\"elementor-element elementor-element-daabf30 e-flex e-con-boxed e-con e-parent\" data-id=\"daabf30\" data-element_type=\"container\" data-e-type=\"container\">\n\t\t\t\t\t<div class=\"e-con-inner\">\n\t\t\t\t<div class=\"elementor-element elementor-element-925d0de elementor-widget elementor-widget-spacer\" data-id=\"925d0de\" data-element_type=\"widget\" data-e-type=\"widget\" data-widget_type=\"spacer.default\">\n\t\t\t\t<div class=\"elementor-widget-container\">\n\t\t\t\t\t\t\t<div class=\"elementor-spacer\">\n\t\t\t<div class=\"elementor-spacer-inner\"><\/div>\n\t\t<\/div>\n\t\t\t\t\t\t<\/div>\n\t\t\t\t<\/div>\n\t\t\t\t\t<\/div>\n\t\t\t\t<\/div>\n\t\t\t\t<\/div>\n\t\t","protected":false},"excerpt":{"rendered":"<p>Transizione Verde e sostenibilit\u00e0 I dispositivi di tenuta sono un fattore chiave per raggiungere una maggiore sostenibilit\u00e0 nei processi industriali. La prevenzione delle perdite pu\u00f2 essere effettuata con gradi di efficienza ambientale molto diversi. Risparmio di energia Come ci si sentirebbe se un&#8217;auto dovesse viaggiare con il freno a mano tirato? Questo \u00e8 ci\u00f2 che [&hellip;]<\/p>\n","protected":false},"author":1,"featured_media":0,"parent":0,"menu_order":55,"comment_status":"closed","ping_status":"closed","template":"elementor_theme","meta":{"_acf_changed":false,"footnotes":""},"class_list":["post-4810","page","type-page","status-publish","hentry"],"acf":[],"yoast_head":"<!-- This site is optimized with the Yoast SEO plugin v27.4 - https:\/\/yoast.com\/product\/yoast-seo-wordpress\/ -->\n<title>Transizione Verde e sostenibilit\u00e0 Sealtek<\/title>\n<meta name=\"robots\" content=\"index, follow, max-snippet:-1, max-image-preview:large, max-video-preview:-1\" \/>\n<link rel=\"canonical\" href=\"https:\/\/www.sealtek.com\/it\/transizione-verde\/\" \/>\n<meta property=\"og:locale\" content=\"it_IT\" \/>\n<meta property=\"og:type\" content=\"article\" \/>\n<meta property=\"og:title\" content=\"Transizione Verde e sostenibilit\u00e0 Sealtek\" \/>\n<meta property=\"og:description\" content=\"Transizione Verde e sostenibilit\u00e0 I dispositivi di tenuta sono un fattore chiave per raggiungere una maggiore sostenibilit\u00e0 nei processi industriali. La prevenzione delle perdite pu\u00f2 essere effettuata con gradi di efficienza ambientale molto diversi. Risparmio di energia Come ci si sentirebbe se un&#8217;auto dovesse viaggiare con il freno a mano tirato? Questo \u00e8 ci\u00f2 che [&hellip;]\" \/>\n<meta property=\"og:url\" content=\"https:\/\/www.sealtek.com\/it\/transizione-verde\/\" \/>\n<meta property=\"og:site_name\" content=\"Sealtek\" \/>\n<meta property=\"article:modified_time\" content=\"2024-09-11T12:34:08+00:00\" \/>\n<meta property=\"og:image\" content=\"https:\/\/www.sealtek.com\/wp-content\/uploads\/elementor\/thumbs\/daniel-norin-6zKEK46iVIc-unsplash-scaled-qjss14bljt1poa05wd2t6akcvmv5u8dzjbjpx849c0.jpg\" \/>\n<meta name=\"twitter:card\" content=\"summary_large_image\" \/>\n<meta name=\"twitter:label1\" content=\"Tempo di lettura stimato\" \/>\n\t<meta name=\"twitter:data1\" content=\"2 minuti\" \/>\n<script type=\"application\/ld+json\" class=\"yoast-schema-graph\">{\"@context\":\"https:\\\/\\\/schema.org\",\"@graph\":[{\"@type\":\"WebPage\",\"@id\":\"https:\\\/\\\/www.sealtek.com\\\/it\\\/transizione-verde\\\/\",\"url\":\"https:\\\/\\\/www.sealtek.com\\\/it\\\/transizione-verde\\\/\",\"name\":\"Transizione Verde e sostenibilit\u00e0 Sealtek\",\"isPartOf\":{\"@id\":\"https:\\\/\\\/www.sealtek.com\\\/#website\"},\"primaryImageOfPage\":{\"@id\":\"https:\\\/\\\/www.sealtek.com\\\/it\\\/transizione-verde\\\/#primaryimage\"},\"image\":{\"@id\":\"https:\\\/\\\/www.sealtek.com\\\/it\\\/transizione-verde\\\/#primaryimage\"},\"thumbnailUrl\":\"https:\\\/\\\/www.sealtek.com\\\/wp-content\\\/uploads\\\/elementor\\\/thumbs\\\/daniel-norin-6zKEK46iVIc-unsplash-scaled-qjss14bljt1poa05wd2t6akcvmv5u8dzjbjpx849c0.jpg\",\"datePublished\":\"2024-02-12T12:01:17+00:00\",\"dateModified\":\"2024-09-11T12:34:08+00:00\",\"breadcrumb\":{\"@id\":\"https:\\\/\\\/www.sealtek.com\\\/it\\\/transizione-verde\\\/#breadcrumb\"},\"inLanguage\":\"it-IT\",\"potentialAction\":[{\"@type\":\"ReadAction\",\"target\":[\"https:\\\/\\\/www.sealtek.com\\\/it\\\/transizione-verde\\\/\"]}]},{\"@type\":\"ImageObject\",\"inLanguage\":\"it-IT\",\"@id\":\"https:\\\/\\\/www.sealtek.com\\\/it\\\/transizione-verde\\\/#primaryimage\",\"url\":\"https:\\\/\\\/www.sealtek.com\\\/wp-content\\\/uploads\\\/elementor\\\/thumbs\\\/daniel-norin-6zKEK46iVIc-unsplash-scaled-qjss14bljt1poa05wd2t6akcvmv5u8dzjbjpx849c0.jpg\",\"contentUrl\":\"https:\\\/\\\/www.sealtek.com\\\/wp-content\\\/uploads\\\/elementor\\\/thumbs\\\/daniel-norin-6zKEK46iVIc-unsplash-scaled-qjss14bljt1poa05wd2t6akcvmv5u8dzjbjpx849c0.jpg\"},{\"@type\":\"BreadcrumbList\",\"@id\":\"https:\\\/\\\/www.sealtek.com\\\/it\\\/transizione-verde\\\/#breadcrumb\",\"itemListElement\":[{\"@type\":\"ListItem\",\"position\":1,\"name\":\"Home\",\"item\":\"https:\\\/\\\/www.sealtek.com\\\/it\\\/home\\\/\"},{\"@type\":\"ListItem\",\"position\":2,\"name\":\"Transizione Verde\"}]},{\"@type\":\"WebSite\",\"@id\":\"https:\\\/\\\/www.sealtek.com\\\/#website\",\"url\":\"https:\\\/\\\/www.sealtek.com\\\/\",\"name\":\"Sealtek\",\"description\":\"High technology in industrial maintenance\",\"publisher\":{\"@id\":\"https:\\\/\\\/www.sealtek.com\\\/#organization\"},\"potentialAction\":[{\"@type\":\"SearchAction\",\"target\":{\"@type\":\"EntryPoint\",\"urlTemplate\":\"https:\\\/\\\/www.sealtek.com\\\/?s={search_term_string}\"},\"query-input\":{\"@type\":\"PropertyValueSpecification\",\"valueRequired\":true,\"valueName\":\"search_term_string\"}}],\"inLanguage\":\"it-IT\"},{\"@type\":\"Organization\",\"@id\":\"https:\\\/\\\/www.sealtek.com\\\/#organization\",\"name\":\"Sealtek\",\"url\":\"https:\\\/\\\/www.sealtek.com\\\/\",\"logo\":{\"@type\":\"ImageObject\",\"inLanguage\":\"it-IT\",\"@id\":\"https:\\\/\\\/www.sealtek.com\\\/#\\\/schema\\\/logo\\\/image\\\/\",\"url\":\"https:\\\/\\\/www.sealtek.com\\\/wp-content\\\/uploads\\\/2023\\\/12\\\/Sealtek-Logo.png\",\"contentUrl\":\"https:\\\/\\\/www.sealtek.com\\\/wp-content\\\/uploads\\\/2023\\\/12\\\/Sealtek-Logo.png\",\"width\":456,\"height\":87,\"caption\":\"Sealtek\"},\"image\":{\"@id\":\"https:\\\/\\\/www.sealtek.com\\\/#\\\/schema\\\/logo\\\/image\\\/\"}}]}<\/script>\n<!-- \/ Yoast SEO plugin. -->","yoast_head_json":{"title":"Transizione Verde e sostenibilit\u00e0 Sealtek","robots":{"index":"index","follow":"follow","max-snippet":"max-snippet:-1","max-image-preview":"max-image-preview:large","max-video-preview":"max-video-preview:-1"},"canonical":"https:\/\/www.sealtek.com\/it\/transizione-verde\/","og_locale":"it_IT","og_type":"article","og_title":"Transizione Verde e sostenibilit\u00e0 Sealtek","og_description":"Transizione Verde e sostenibilit\u00e0 I dispositivi di tenuta sono un fattore chiave per raggiungere una maggiore sostenibilit\u00e0 nei processi industriali. La prevenzione delle perdite pu\u00f2 essere effettuata con gradi di efficienza ambientale molto diversi. Risparmio di energia Come ci si sentirebbe se un&#8217;auto dovesse viaggiare con il freno a mano tirato? Questo \u00e8 ci\u00f2 che [&hellip;]","og_url":"https:\/\/www.sealtek.com\/it\/transizione-verde\/","og_site_name":"Sealtek","article_modified_time":"2024-09-11T12:34:08+00:00","og_image":[{"url":"https:\/\/www.sealtek.com\/wp-content\/uploads\/elementor\/thumbs\/daniel-norin-6zKEK46iVIc-unsplash-scaled-qjss14bljt1poa05wd2t6akcvmv5u8dzjbjpx849c0.jpg","type":"","width":"","height":""}],"twitter_card":"summary_large_image","twitter_misc":{"Tempo di lettura stimato":"2 minuti"},"schema":{"@context":"https:\/\/schema.org","@graph":[{"@type":"WebPage","@id":"https:\/\/www.sealtek.com\/it\/transizione-verde\/","url":"https:\/\/www.sealtek.com\/it\/transizione-verde\/","name":"Transizione Verde e sostenibilit\u00e0 Sealtek","isPartOf":{"@id":"https:\/\/www.sealtek.com\/#website"},"primaryImageOfPage":{"@id":"https:\/\/www.sealtek.com\/it\/transizione-verde\/#primaryimage"},"image":{"@id":"https:\/\/www.sealtek.com\/it\/transizione-verde\/#primaryimage"},"thumbnailUrl":"https:\/\/www.sealtek.com\/wp-content\/uploads\/elementor\/thumbs\/daniel-norin-6zKEK46iVIc-unsplash-scaled-qjss14bljt1poa05wd2t6akcvmv5u8dzjbjpx849c0.jpg","datePublished":"2024-02-12T12:01:17+00:00","dateModified":"2024-09-11T12:34:08+00:00","breadcrumb":{"@id":"https:\/\/www.sealtek.com\/it\/transizione-verde\/#breadcrumb"},"inLanguage":"it-IT","potentialAction":[{"@type":"ReadAction","target":["https:\/\/www.sealtek.com\/it\/transizione-verde\/"]}]},{"@type":"ImageObject","inLanguage":"it-IT","@id":"https:\/\/www.sealtek.com\/it\/transizione-verde\/#primaryimage","url":"https:\/\/www.sealtek.com\/wp-content\/uploads\/elementor\/thumbs\/daniel-norin-6zKEK46iVIc-unsplash-scaled-qjss14bljt1poa05wd2t6akcvmv5u8dzjbjpx849c0.jpg","contentUrl":"https:\/\/www.sealtek.com\/wp-content\/uploads\/elementor\/thumbs\/daniel-norin-6zKEK46iVIc-unsplash-scaled-qjss14bljt1poa05wd2t6akcvmv5u8dzjbjpx849c0.jpg"},{"@type":"BreadcrumbList","@id":"https:\/\/www.sealtek.com\/it\/transizione-verde\/#breadcrumb","itemListElement":[{"@type":"ListItem","position":1,"name":"Home","item":"https:\/\/www.sealtek.com\/it\/home\/"},{"@type":"ListItem","position":2,"name":"Transizione Verde"}]},{"@type":"WebSite","@id":"https:\/\/www.sealtek.com\/#website","url":"https:\/\/www.sealtek.com\/","name":"Sealtek","description":"High technology in industrial maintenance","publisher":{"@id":"https:\/\/www.sealtek.com\/#organization"},"potentialAction":[{"@type":"SearchAction","target":{"@type":"EntryPoint","urlTemplate":"https:\/\/www.sealtek.com\/?s={search_term_string}"},"query-input":{"@type":"PropertyValueSpecification","valueRequired":true,"valueName":"search_term_string"}}],"inLanguage":"it-IT"},{"@type":"Organization","@id":"https:\/\/www.sealtek.com\/#organization","name":"Sealtek","url":"https:\/\/www.sealtek.com\/","logo":{"@type":"ImageObject","inLanguage":"it-IT","@id":"https:\/\/www.sealtek.com\/#\/schema\/logo\/image\/","url":"https:\/\/www.sealtek.com\/wp-content\/uploads\/2023\/12\/Sealtek-Logo.png","contentUrl":"https:\/\/www.sealtek.com\/wp-content\/uploads\/2023\/12\/Sealtek-Logo.png","width":456,"height":87,"caption":"Sealtek"},"image":{"@id":"https:\/\/www.sealtek.com\/#\/schema\/logo\/image\/"}}]}},"_links":{"self":[{"href":"https:\/\/www.sealtek.com\/it\/wp-json\/wp\/v2\/pages\/4810","targetHints":{"allow":["GET"]}}],"collection":[{"href":"https:\/\/www.sealtek.com\/it\/wp-json\/wp\/v2\/pages"}],"about":[{"href":"https:\/\/www.sealtek.com\/it\/wp-json\/wp\/v2\/types\/page"}],"author":[{"embeddable":true,"href":"https:\/\/www.sealtek.com\/it\/wp-json\/wp\/v2\/users\/1"}],"replies":[{"embeddable":true,"href":"https:\/\/www.sealtek.com\/it\/wp-json\/wp\/v2\/comments?post=4810"}],"version-history":[{"count":1,"href":"https:\/\/www.sealtek.com\/it\/wp-json\/wp\/v2\/pages\/4810\/revisions"}],"predecessor-version":[{"id":4811,"href":"https:\/\/www.sealtek.com\/it\/wp-json\/wp\/v2\/pages\/4810\/revisions\/4811"}],"wp:attachment":[{"href":"https:\/\/www.sealtek.com\/it\/wp-json\/wp\/v2\/media?parent=4810"}],"curies":[{"name":"wp","href":"https:\/\/api.w.org\/{rel}","templated":true}]}}