{"id":6436,"date":"2024-04-09T14:34:35","date_gmt":"2024-04-09T14:34:35","guid":{"rendered":"https:\/\/www.sealtek.com\/product\/estilo-1051\/"},"modified":"2024-04-09T14:34:35","modified_gmt":"2024-04-09T14:34:35","slug":"estilo-1051","status":"publish","type":"product","link":"https:\/\/www.sealtek.com\/es\/product\/estilo-1051\/","title":{"rendered":"Estilo 1051"},"content":{"rendered":"<p>PTFE expandido con dispersi\u00f3n coloidal de grafito.<\/p>\n<p>Buen poder autolubricante, buena resistencia qu\u00edmica, alta resistencia a altas velocidades perif\u00e9ricas. No se endurece, se amolda perfectamente, por lo que es especialmente adecuado para bombas en mal estado. <\/p>\n<p>Es una de las mejores soluciones para la normalizaci\u00f3n de todos los sistemas gracias a su excelente relaci\u00f3n precio\/rendimiento. Puede utilizarse en bombas centr\u00edfugas, bombas alternativas, v\u00e1lvulas y como junta est\u00e1tica en la mayor\u00eda de los fluidos.<\/p>\n","protected":false},"excerpt":{"rendered":"<p>PTFE expandido con dispersi\u00f3n coloidal de grafito. Buen poder autolubricante, buena resistencia qu\u00edmica, alta resistencia a altas velocidades perif\u00e9ricas. No se endurece, se amolda perfectamente, por lo que es especialmente adecuado para bombas en mal estado. Es una de las mejores soluciones para la normalizaci\u00f3n de todos los sistemas gracias a su excelente relaci\u00f3n precio\/rendimiento. [&hellip;]<\/p>\n","protected":false},"featured_media":6437,"comment_status":"open","ping_status":"closed","template":"","meta":{"_acf_changed":false},"product_brand":[],"product_cat":[86],"product_tag":[],"class_list":{"0":"post-6436","1":"product","2":"type-product","3":"status-publish","4":"has-post-thumbnail","6":"product_cat-empaquetaduras-trenzadas-y-accesorios","8":"first","9":"instock","10":"shipping-taxable","11":"purchasable","12":"product-type-simple"},"acf":[],"yoast_head":"<!-- This site is optimized with the Yoast SEO plugin v27.5 - https:\/\/yoast.com\/product\/yoast-seo-wordpress\/ -->\n<title>Estilo 1051 - Sealtek<\/title>\n<meta name=\"robots\" content=\"index, follow, max-snippet:-1, max-image-preview:large, max-video-preview:-1\" \/>\n<link rel=\"canonical\" href=\"https:\/\/www.sealtek.com\/es\/product\/estilo-1051\/\" \/>\n<meta property=\"og:locale\" content=\"es_ES\" \/>\n<meta property=\"og:type\" content=\"article\" \/>\n<meta property=\"og:title\" content=\"Estilo 1051 - Sealtek\" \/>\n<meta property=\"og:description\" content=\"PTFE expandido con dispersi\u00f3n coloidal de grafito. Buen poder autolubricante, buena resistencia qu\u00edmica, alta resistencia a altas velocidades perif\u00e9ricas. No se endurece, se amolda perfectamente, por lo que es especialmente adecuado para bombas en mal estado. Es una de las mejores soluciones para la normalizaci\u00f3n de todos los sistemas gracias a su excelente relaci\u00f3n precio\/rendimiento. [&hellip;]\" \/>\n<meta property=\"og:url\" content=\"https:\/\/www.sealtek.com\/es\/product\/estilo-1051\/\" \/>\n<meta property=\"og:site_name\" content=\"Sealtek\" \/>\n<meta property=\"og:image\" content=\"https:\/\/www.sealtek.com\/wp-content\/uploads\/2024\/04\/Style-1051-01.jpg\" \/>\n\t<meta property=\"og:image:width\" content=\"1700\" \/>\n\t<meta property=\"og:image:height\" content=\"1133\" \/>\n\t<meta property=\"og:image:type\" content=\"image\/jpeg\" \/>\n<meta name=\"twitter:card\" content=\"summary_large_image\" \/>\n<script type=\"application\/ld+json\" class=\"yoast-schema-graph\">{\"@context\":\"https:\\\/\\\/schema.org\",\"@graph\":[{\"@type\":\"WebPage\",\"@id\":\"https:\\\/\\\/www.sealtek.com\\\/es\\\/product\\\/estilo-1051\\\/\",\"url\":\"https:\\\/\\\/www.sealtek.com\\\/es\\\/product\\\/estilo-1051\\\/\",\"name\":\"Estilo 1051 - Sealtek\",\"isPartOf\":{\"@id\":\"https:\\\/\\\/www.sealtek.com\\\/#website\"},\"primaryImageOfPage\":{\"@id\":\"https:\\\/\\\/www.sealtek.com\\\/es\\\/product\\\/estilo-1051\\\/#primaryimage\"},\"image\":{\"@id\":\"https:\\\/\\\/www.sealtek.com\\\/es\\\/product\\\/estilo-1051\\\/#primaryimage\"},\"thumbnailUrl\":\"https:\\\/\\\/www.sealtek.com\\\/wp-content\\\/uploads\\\/2024\\\/04\\\/Style-1051-01.jpg\",\"datePublished\":\"2024-04-09T14:34:35+00:00\",\"breadcrumb\":{\"@id\":\"https:\\\/\\\/www.sealtek.com\\\/es\\\/product\\\/estilo-1051\\\/#breadcrumb\"},\"inLanguage\":\"es\",\"potentialAction\":[{\"@type\":\"ReadAction\",\"target\":[\"https:\\\/\\\/www.sealtek.com\\\/es\\\/product\\\/estilo-1051\\\/\"]}]},{\"@type\":\"ImageObject\",\"inLanguage\":\"es\",\"@id\":\"https:\\\/\\\/www.sealtek.com\\\/es\\\/product\\\/estilo-1051\\\/#primaryimage\",\"url\":\"https:\\\/\\\/www.sealtek.com\\\/wp-content\\\/uploads\\\/2024\\\/04\\\/Style-1051-01.jpg\",\"contentUrl\":\"https:\\\/\\\/www.sealtek.com\\\/wp-content\\\/uploads\\\/2024\\\/04\\\/Style-1051-01.jpg\",\"width\":1700,\"height\":1133},{\"@type\":\"BreadcrumbList\",\"@id\":\"https:\\\/\\\/www.sealtek.com\\\/es\\\/product\\\/estilo-1051\\\/#breadcrumb\",\"itemListElement\":[{\"@type\":\"ListItem\",\"position\":1,\"name\":\"Home\",\"item\":\"https:\\\/\\\/www.sealtek.com\\\/es\\\/home-2\\\/\"},{\"@type\":\"ListItem\",\"position\":2,\"name\":\"Tienda\",\"item\":\"https:\\\/\\\/www.sealtek.com\\\/es\\\/tienda\\\/\"},{\"@type\":\"ListItem\",\"position\":3,\"name\":\"Estilo 1051\"}]},{\"@type\":\"WebSite\",\"@id\":\"https:\\\/\\\/www.sealtek.com\\\/#website\",\"url\":\"https:\\\/\\\/www.sealtek.com\\\/\",\"name\":\"Sealtek\",\"description\":\"High technology in industrial maintenance\",\"publisher\":{\"@id\":\"https:\\\/\\\/www.sealtek.com\\\/#organization\"},\"potentialAction\":[{\"@type\":\"SearchAction\",\"target\":{\"@type\":\"EntryPoint\",\"urlTemplate\":\"https:\\\/\\\/www.sealtek.com\\\/?s={search_term_string}\"},\"query-input\":{\"@type\":\"PropertyValueSpecification\",\"valueRequired\":true,\"valueName\":\"search_term_string\"}}],\"inLanguage\":\"es\"},{\"@type\":\"Organization\",\"@id\":\"https:\\\/\\\/www.sealtek.com\\\/#organization\",\"name\":\"Sealtek\",\"url\":\"https:\\\/\\\/www.sealtek.com\\\/\",\"logo\":{\"@type\":\"ImageObject\",\"inLanguage\":\"es\",\"@id\":\"https:\\\/\\\/www.sealtek.com\\\/#\\\/schema\\\/logo\\\/image\\\/\",\"url\":\"https:\\\/\\\/www.sealtek.com\\\/wp-content\\\/uploads\\\/2023\\\/12\\\/Sealtek-Logo.png\",\"contentUrl\":\"https:\\\/\\\/www.sealtek.com\\\/wp-content\\\/uploads\\\/2023\\\/12\\\/Sealtek-Logo.png\",\"width\":456,\"height\":87,\"caption\":\"Sealtek\"},\"image\":{\"@id\":\"https:\\\/\\\/www.sealtek.com\\\/#\\\/schema\\\/logo\\\/image\\\/\"}}]}<\/script>\n<!-- \/ Yoast SEO plugin. -->","yoast_head_json":{"title":"Estilo 1051 - Sealtek","robots":{"index":"index","follow":"follow","max-snippet":"max-snippet:-1","max-image-preview":"max-image-preview:large","max-video-preview":"max-video-preview:-1"},"canonical":"https:\/\/www.sealtek.com\/es\/product\/estilo-1051\/","og_locale":"es_ES","og_type":"article","og_title":"Estilo 1051 - Sealtek","og_description":"PTFE expandido con dispersi\u00f3n coloidal de grafito. Buen poder autolubricante, buena resistencia qu\u00edmica, alta resistencia a altas velocidades perif\u00e9ricas. No se endurece, se amolda perfectamente, por lo que es especialmente adecuado para bombas en mal estado. Es una de las mejores soluciones para la normalizaci\u00f3n de todos los sistemas gracias a su excelente relaci\u00f3n precio\/rendimiento. [&hellip;]","og_url":"https:\/\/www.sealtek.com\/es\/product\/estilo-1051\/","og_site_name":"Sealtek","og_image":[{"width":1700,"height":1133,"url":"https:\/\/www.sealtek.com\/wp-content\/uploads\/2024\/04\/Style-1051-01.jpg","type":"image\/jpeg"}],"twitter_card":"summary_large_image","schema":{"@context":"https:\/\/schema.org","@graph":[{"@type":"WebPage","@id":"https:\/\/www.sealtek.com\/es\/product\/estilo-1051\/","url":"https:\/\/www.sealtek.com\/es\/product\/estilo-1051\/","name":"Estilo 1051 - Sealtek","isPartOf":{"@id":"https:\/\/www.sealtek.com\/#website"},"primaryImageOfPage":{"@id":"https:\/\/www.sealtek.com\/es\/product\/estilo-1051\/#primaryimage"},"image":{"@id":"https:\/\/www.sealtek.com\/es\/product\/estilo-1051\/#primaryimage"},"thumbnailUrl":"https:\/\/www.sealtek.com\/wp-content\/uploads\/2024\/04\/Style-1051-01.jpg","datePublished":"2024-04-09T14:34:35+00:00","breadcrumb":{"@id":"https:\/\/www.sealtek.com\/es\/product\/estilo-1051\/#breadcrumb"},"inLanguage":"es","potentialAction":[{"@type":"ReadAction","target":["https:\/\/www.sealtek.com\/es\/product\/estilo-1051\/"]}]},{"@type":"ImageObject","inLanguage":"es","@id":"https:\/\/www.sealtek.com\/es\/product\/estilo-1051\/#primaryimage","url":"https:\/\/www.sealtek.com\/wp-content\/uploads\/2024\/04\/Style-1051-01.jpg","contentUrl":"https:\/\/www.sealtek.com\/wp-content\/uploads\/2024\/04\/Style-1051-01.jpg","width":1700,"height":1133},{"@type":"BreadcrumbList","@id":"https:\/\/www.sealtek.com\/es\/product\/estilo-1051\/#breadcrumb","itemListElement":[{"@type":"ListItem","position":1,"name":"Home","item":"https:\/\/www.sealtek.com\/es\/home-2\/"},{"@type":"ListItem","position":2,"name":"Tienda","item":"https:\/\/www.sealtek.com\/es\/tienda\/"},{"@type":"ListItem","position":3,"name":"Estilo 1051"}]},{"@type":"WebSite","@id":"https:\/\/www.sealtek.com\/#website","url":"https:\/\/www.sealtek.com\/","name":"Sealtek","description":"High technology in industrial maintenance","publisher":{"@id":"https:\/\/www.sealtek.com\/#organization"},"potentialAction":[{"@type":"SearchAction","target":{"@type":"EntryPoint","urlTemplate":"https:\/\/www.sealtek.com\/?s={search_term_string}"},"query-input":{"@type":"PropertyValueSpecification","valueRequired":true,"valueName":"search_term_string"}}],"inLanguage":"es"},{"@type":"Organization","@id":"https:\/\/www.sealtek.com\/#organization","name":"Sealtek","url":"https:\/\/www.sealtek.com\/","logo":{"@type":"ImageObject","inLanguage":"es","@id":"https:\/\/www.sealtek.com\/#\/schema\/logo\/image\/","url":"https:\/\/www.sealtek.com\/wp-content\/uploads\/2023\/12\/Sealtek-Logo.png","contentUrl":"https:\/\/www.sealtek.com\/wp-content\/uploads\/2023\/12\/Sealtek-Logo.png","width":456,"height":87,"caption":"Sealtek"},"image":{"@id":"https:\/\/www.sealtek.com\/#\/schema\/logo\/image\/"}}]}},"_links":{"self":[{"href":"https:\/\/www.sealtek.com\/es\/wp-json\/wp\/v2\/product\/6436","targetHints":{"allow":["GET"]}}],"collection":[{"href":"https:\/\/www.sealtek.com\/es\/wp-json\/wp\/v2\/product"}],"about":[{"href":"https:\/\/www.sealtek.com\/es\/wp-json\/wp\/v2\/types\/product"}],"replies":[{"embeddable":true,"href":"https:\/\/www.sealtek.com\/es\/wp-json\/wp\/v2\/comments?post=6436"}],"wp:featuredmedia":[{"embeddable":true,"href":"https:\/\/www.sealtek.com\/es\/wp-json\/wp\/v2\/media\/6437"}],"wp:attachment":[{"href":"https:\/\/www.sealtek.com\/es\/wp-json\/wp\/v2\/media?parent=6436"}],"wp:term":[{"taxonomy":"product_brand","embeddable":true,"href":"https:\/\/www.sealtek.com\/es\/wp-json\/wp\/v2\/product_brand?post=6436"},{"taxonomy":"product_cat","embeddable":true,"href":"https:\/\/www.sealtek.com\/es\/wp-json\/wp\/v2\/product_cat?post=6436"},{"taxonomy":"product_tag","embeddable":true,"href":"https:\/\/www.sealtek.com\/es\/wp-json\/wp\/v2\/product_tag?post=6436"}],"curies":[{"name":"wp","href":"https:\/\/api.w.org\/{rel}","templated":true}]}}