{"id":6368,"date":"2024-04-09T14:34:35","date_gmt":"2024-04-09T14:34:35","guid":{"rendered":"https:\/\/www.sealtek.com\/product\/estilo-1028\/"},"modified":"2024-04-09T14:34:35","modified_gmt":"2024-04-09T14:34:35","slug":"estilo-1028","status":"publish","type":"product","link":"https:\/\/www.sealtek.com\/es\/product\/estilo-1028\/","title":{"rendered":"Estilo 1028"},"content":{"rendered":"<p>100% PTFE trenzado con m\u00e9todo de Alta Densidad Controlada, impregnado con PTFE coloidal.<\/p>\n<p>Dise\u00f1ado para su uso en bombas centr\u00edfugas, agitadores, mezcladores, reactores y en la mayor\u00eda de los productos qu\u00edmicos, con algunas excepciones.<\/p>\n<p>Alcanza velocidades perif\u00e9ricas cercanas a los 8 m\/seg.<\/p>\n","protected":false},"excerpt":{"rendered":"<p>100% PTFE trenzado con m\u00e9todo de Alta Densidad Controlada, impregnado con PTFE coloidal. Dise\u00f1ado para su uso en bombas centr\u00edfugas, agitadores, mezcladores, reactores y en la mayor\u00eda de los productos qu\u00edmicos, con algunas excepciones. Alcanza velocidades perif\u00e9ricas cercanas a los 8 m\/seg.<\/p>\n","protected":false},"featured_media":6396,"comment_status":"open","ping_status":"closed","template":"","meta":{"_acf_changed":false},"product_brand":[],"product_cat":[86],"product_tag":[],"class_list":{"0":"post-6368","1":"product","2":"type-product","3":"status-publish","4":"has-post-thumbnail","6":"product_cat-empaquetaduras-trenzadas-y-accesorios","8":"first","9":"instock","10":"shipping-taxable","11":"purchasable","12":"product-type-variable"},"acf":[],"yoast_head":"<!-- This site is optimized with the Yoast SEO plugin v27.5 - https:\/\/yoast.com\/product\/yoast-seo-wordpress\/ -->\n<title>Estilo 1028 - Sealtek<\/title>\n<meta name=\"robots\" content=\"index, follow, max-snippet:-1, max-image-preview:large, max-video-preview:-1\" \/>\n<link rel=\"canonical\" href=\"https:\/\/www.sealtek.com\/es\/product\/estilo-1028\/\" \/>\n<meta property=\"og:locale\" content=\"es_ES\" \/>\n<meta property=\"og:type\" content=\"article\" \/>\n<meta property=\"og:title\" content=\"Estilo 1028 - Sealtek\" \/>\n<meta property=\"og:description\" content=\"100% PTFE trenzado con m\u00e9todo de Alta Densidad Controlada, impregnado con PTFE coloidal. Dise\u00f1ado para su uso en bombas centr\u00edfugas, agitadores, mezcladores, reactores y en la mayor\u00eda de los productos qu\u00edmicos, con algunas excepciones. Alcanza velocidades perif\u00e9ricas cercanas a los 8 m\/seg.\" \/>\n<meta property=\"og:url\" content=\"https:\/\/www.sealtek.com\/es\/product\/estilo-1028\/\" \/>\n<meta property=\"og:site_name\" content=\"Sealtek\" \/>\n<meta property=\"og:image\" content=\"https:\/\/www.sealtek.com\/wp-content\/uploads\/2024\/04\/Style-1028-01.jpg\" \/>\n\t<meta property=\"og:image:width\" content=\"1700\" \/>\n\t<meta property=\"og:image:height\" content=\"1133\" \/>\n\t<meta property=\"og:image:type\" content=\"image\/jpeg\" \/>\n<meta name=\"twitter:card\" content=\"summary_large_image\" \/>\n<script type=\"application\/ld+json\" class=\"yoast-schema-graph\">{\"@context\":\"https:\\\/\\\/schema.org\",\"@graph\":[{\"@type\":\"WebPage\",\"@id\":\"https:\\\/\\\/www.sealtek.com\\\/es\\\/product\\\/estilo-1028\\\/\",\"url\":\"https:\\\/\\\/www.sealtek.com\\\/es\\\/product\\\/estilo-1028\\\/\",\"name\":\"Estilo 1028 - Sealtek\",\"isPartOf\":{\"@id\":\"https:\\\/\\\/www.sealtek.com\\\/#website\"},\"primaryImageOfPage\":{\"@id\":\"https:\\\/\\\/www.sealtek.com\\\/es\\\/product\\\/estilo-1028\\\/#primaryimage\"},\"image\":{\"@id\":\"https:\\\/\\\/www.sealtek.com\\\/es\\\/product\\\/estilo-1028\\\/#primaryimage\"},\"thumbnailUrl\":\"https:\\\/\\\/www.sealtek.com\\\/wp-content\\\/uploads\\\/2024\\\/04\\\/Style-1028-01.jpg\",\"datePublished\":\"2024-04-09T14:34:35+00:00\",\"breadcrumb\":{\"@id\":\"https:\\\/\\\/www.sealtek.com\\\/es\\\/product\\\/estilo-1028\\\/#breadcrumb\"},\"inLanguage\":\"es\",\"potentialAction\":[{\"@type\":\"ReadAction\",\"target\":[\"https:\\\/\\\/www.sealtek.com\\\/es\\\/product\\\/estilo-1028\\\/\"]}]},{\"@type\":\"ImageObject\",\"inLanguage\":\"es\",\"@id\":\"https:\\\/\\\/www.sealtek.com\\\/es\\\/product\\\/estilo-1028\\\/#primaryimage\",\"url\":\"https:\\\/\\\/www.sealtek.com\\\/wp-content\\\/uploads\\\/2024\\\/04\\\/Style-1028-01.jpg\",\"contentUrl\":\"https:\\\/\\\/www.sealtek.com\\\/wp-content\\\/uploads\\\/2024\\\/04\\\/Style-1028-01.jpg\",\"width\":1700,\"height\":1133},{\"@type\":\"BreadcrumbList\",\"@id\":\"https:\\\/\\\/www.sealtek.com\\\/es\\\/product\\\/estilo-1028\\\/#breadcrumb\",\"itemListElement\":[{\"@type\":\"ListItem\",\"position\":1,\"name\":\"Home\",\"item\":\"https:\\\/\\\/www.sealtek.com\\\/es\\\/home-2\\\/\"},{\"@type\":\"ListItem\",\"position\":2,\"name\":\"Tienda\",\"item\":\"https:\\\/\\\/www.sealtek.com\\\/es\\\/tienda\\\/\"},{\"@type\":\"ListItem\",\"position\":3,\"name\":\"Estilo 1028\"}]},{\"@type\":\"WebSite\",\"@id\":\"https:\\\/\\\/www.sealtek.com\\\/#website\",\"url\":\"https:\\\/\\\/www.sealtek.com\\\/\",\"name\":\"Sealtek\",\"description\":\"High technology in industrial maintenance\",\"publisher\":{\"@id\":\"https:\\\/\\\/www.sealtek.com\\\/#organization\"},\"potentialAction\":[{\"@type\":\"SearchAction\",\"target\":{\"@type\":\"EntryPoint\",\"urlTemplate\":\"https:\\\/\\\/www.sealtek.com\\\/?s={search_term_string}\"},\"query-input\":{\"@type\":\"PropertyValueSpecification\",\"valueRequired\":true,\"valueName\":\"search_term_string\"}}],\"inLanguage\":\"es\"},{\"@type\":\"Organization\",\"@id\":\"https:\\\/\\\/www.sealtek.com\\\/#organization\",\"name\":\"Sealtek\",\"url\":\"https:\\\/\\\/www.sealtek.com\\\/\",\"logo\":{\"@type\":\"ImageObject\",\"inLanguage\":\"es\",\"@id\":\"https:\\\/\\\/www.sealtek.com\\\/#\\\/schema\\\/logo\\\/image\\\/\",\"url\":\"https:\\\/\\\/www.sealtek.com\\\/wp-content\\\/uploads\\\/2023\\\/12\\\/Sealtek-Logo.png\",\"contentUrl\":\"https:\\\/\\\/www.sealtek.com\\\/wp-content\\\/uploads\\\/2023\\\/12\\\/Sealtek-Logo.png\",\"width\":456,\"height\":87,\"caption\":\"Sealtek\"},\"image\":{\"@id\":\"https:\\\/\\\/www.sealtek.com\\\/#\\\/schema\\\/logo\\\/image\\\/\"}}]}<\/script>\n<!-- \/ Yoast SEO plugin. -->","yoast_head_json":{"title":"Estilo 1028 - Sealtek","robots":{"index":"index","follow":"follow","max-snippet":"max-snippet:-1","max-image-preview":"max-image-preview:large","max-video-preview":"max-video-preview:-1"},"canonical":"https:\/\/www.sealtek.com\/es\/product\/estilo-1028\/","og_locale":"es_ES","og_type":"article","og_title":"Estilo 1028 - Sealtek","og_description":"100% PTFE trenzado con m\u00e9todo de Alta Densidad Controlada, impregnado con PTFE coloidal. Dise\u00f1ado para su uso en bombas centr\u00edfugas, agitadores, mezcladores, reactores y en la mayor\u00eda de los productos qu\u00edmicos, con algunas excepciones. Alcanza velocidades perif\u00e9ricas cercanas a los 8 m\/seg.","og_url":"https:\/\/www.sealtek.com\/es\/product\/estilo-1028\/","og_site_name":"Sealtek","og_image":[{"width":1700,"height":1133,"url":"https:\/\/www.sealtek.com\/wp-content\/uploads\/2024\/04\/Style-1028-01.jpg","type":"image\/jpeg"}],"twitter_card":"summary_large_image","schema":{"@context":"https:\/\/schema.org","@graph":[{"@type":"WebPage","@id":"https:\/\/www.sealtek.com\/es\/product\/estilo-1028\/","url":"https:\/\/www.sealtek.com\/es\/product\/estilo-1028\/","name":"Estilo 1028 - Sealtek","isPartOf":{"@id":"https:\/\/www.sealtek.com\/#website"},"primaryImageOfPage":{"@id":"https:\/\/www.sealtek.com\/es\/product\/estilo-1028\/#primaryimage"},"image":{"@id":"https:\/\/www.sealtek.com\/es\/product\/estilo-1028\/#primaryimage"},"thumbnailUrl":"https:\/\/www.sealtek.com\/wp-content\/uploads\/2024\/04\/Style-1028-01.jpg","datePublished":"2024-04-09T14:34:35+00:00","breadcrumb":{"@id":"https:\/\/www.sealtek.com\/es\/product\/estilo-1028\/#breadcrumb"},"inLanguage":"es","potentialAction":[{"@type":"ReadAction","target":["https:\/\/www.sealtek.com\/es\/product\/estilo-1028\/"]}]},{"@type":"ImageObject","inLanguage":"es","@id":"https:\/\/www.sealtek.com\/es\/product\/estilo-1028\/#primaryimage","url":"https:\/\/www.sealtek.com\/wp-content\/uploads\/2024\/04\/Style-1028-01.jpg","contentUrl":"https:\/\/www.sealtek.com\/wp-content\/uploads\/2024\/04\/Style-1028-01.jpg","width":1700,"height":1133},{"@type":"BreadcrumbList","@id":"https:\/\/www.sealtek.com\/es\/product\/estilo-1028\/#breadcrumb","itemListElement":[{"@type":"ListItem","position":1,"name":"Home","item":"https:\/\/www.sealtek.com\/es\/home-2\/"},{"@type":"ListItem","position":2,"name":"Tienda","item":"https:\/\/www.sealtek.com\/es\/tienda\/"},{"@type":"ListItem","position":3,"name":"Estilo 1028"}]},{"@type":"WebSite","@id":"https:\/\/www.sealtek.com\/#website","url":"https:\/\/www.sealtek.com\/","name":"Sealtek","description":"High technology in industrial maintenance","publisher":{"@id":"https:\/\/www.sealtek.com\/#organization"},"potentialAction":[{"@type":"SearchAction","target":{"@type":"EntryPoint","urlTemplate":"https:\/\/www.sealtek.com\/?s={search_term_string}"},"query-input":{"@type":"PropertyValueSpecification","valueRequired":true,"valueName":"search_term_string"}}],"inLanguage":"es"},{"@type":"Organization","@id":"https:\/\/www.sealtek.com\/#organization","name":"Sealtek","url":"https:\/\/www.sealtek.com\/","logo":{"@type":"ImageObject","inLanguage":"es","@id":"https:\/\/www.sealtek.com\/#\/schema\/logo\/image\/","url":"https:\/\/www.sealtek.com\/wp-content\/uploads\/2023\/12\/Sealtek-Logo.png","contentUrl":"https:\/\/www.sealtek.com\/wp-content\/uploads\/2023\/12\/Sealtek-Logo.png","width":456,"height":87,"caption":"Sealtek"},"image":{"@id":"https:\/\/www.sealtek.com\/#\/schema\/logo\/image\/"}}]}},"_links":{"self":[{"href":"https:\/\/www.sealtek.com\/es\/wp-json\/wp\/v2\/product\/6368","targetHints":{"allow":["GET"]}}],"collection":[{"href":"https:\/\/www.sealtek.com\/es\/wp-json\/wp\/v2\/product"}],"about":[{"href":"https:\/\/www.sealtek.com\/es\/wp-json\/wp\/v2\/types\/product"}],"replies":[{"embeddable":true,"href":"https:\/\/www.sealtek.com\/es\/wp-json\/wp\/v2\/comments?post=6368"}],"wp:featuredmedia":[{"embeddable":true,"href":"https:\/\/www.sealtek.com\/es\/wp-json\/wp\/v2\/media\/6396"}],"wp:attachment":[{"href":"https:\/\/www.sealtek.com\/es\/wp-json\/wp\/v2\/media?parent=6368"}],"wp:term":[{"taxonomy":"product_brand","embeddable":true,"href":"https:\/\/www.sealtek.com\/es\/wp-json\/wp\/v2\/product_brand?post=6368"},{"taxonomy":"product_cat","embeddable":true,"href":"https:\/\/www.sealtek.com\/es\/wp-json\/wp\/v2\/product_cat?post=6368"},{"taxonomy":"product_tag","embeddable":true,"href":"https:\/\/www.sealtek.com\/es\/wp-json\/wp\/v2\/product_tag?post=6368"}],"curies":[{"name":"wp","href":"https:\/\/api.w.org\/{rel}","templated":true}]}}