{"id":6108,"date":"2024-04-09T15:03:44","date_gmt":"2024-04-09T15:03:44","guid":{"rendered":"https:\/\/www.sealtek.com\/product\/estilo-523-524\/"},"modified":"2024-04-09T15:03:44","modified_gmt":"2024-04-09T15:03:44","slug":"estilo-523-524","status":"publish","type":"product","link":"https:\/\/www.sealtek.com\/es\/product\/estilo-523-524\/","title":{"rendered":"Estilo 523-524"},"content":{"rendered":"<p>Junta mec\u00e1nico extremadamente fiable y robusto gracias al fuelle elastom\u00e9rico de gran secci\u00f3n y extensi\u00f3n que garantiza la m\u00e1xima flexibilidad y absorbe cualquier desalineaci\u00f3n<\/p>\n<p>El arrastre y el bloqueo de la cara est\u00e1n asegurados por el propio fuelle y un collar met\u00e1lico externo que independizan la estanqueidad del sentido de giro. Adecuado para su uso en fluidos de diversos tipos, incluso con cargas en suspensi\u00f3n. Disponible en versi\u00f3n corta (Estilo 523) y en longitudes conformes a la norma EN 12765-L 1 K (Estilo 524).  <\/p>\n","protected":false},"excerpt":{"rendered":"<p>STYLE 523 Carbon B\/FKM\/AISI 316\/AISI 316 with Style 124 seat Q2 SiC\/FKM<\/p>\n","protected":false},"featured_media":6146,"comment_status":"open","ping_status":"closed","template":"","meta":{"_acf_changed":false},"product_brand":[],"product_cat":[90],"product_tag":[],"class_list":{"0":"post-6108","1":"product","2":"type-product","3":"status-publish","4":"has-post-thumbnail","6":"product_cat-sellos-componentes","8":"first","9":"instock","10":"shipping-taxable","11":"purchasable","12":"product-type-variable"},"acf":[],"yoast_head":"<!-- This site is optimized with the Yoast SEO plugin v27.5 - https:\/\/yoast.com\/product\/yoast-seo-wordpress\/ -->\n<title>Estilo 523-524 - Sealtek<\/title>\n<meta name=\"robots\" content=\"index, follow, max-snippet:-1, max-image-preview:large, max-video-preview:-1\" \/>\n<link rel=\"canonical\" href=\"https:\/\/www.sealtek.com\/es\/product\/estilo-523-524\/\" \/>\n<meta property=\"og:locale\" content=\"es_ES\" \/>\n<meta property=\"og:type\" content=\"article\" \/>\n<meta property=\"og:title\" content=\"Estilo 523-524 - Sealtek\" \/>\n<meta property=\"og:description\" content=\"STYLE 523 Carbon B\/FKM\/AISI 316\/AISI 316 with Style 124 seat Q2 SiC\/FKM\" \/>\n<meta property=\"og:url\" content=\"https:\/\/www.sealtek.com\/es\/product\/estilo-523-524\/\" \/>\n<meta property=\"og:site_name\" content=\"Sealtek\" \/>\n<meta property=\"og:image\" content=\"https:\/\/www.sealtek.com\/wp-content\/uploads\/2024\/04\/STYLE_523_1.jpg\" \/>\n\t<meta property=\"og:image:width\" content=\"1848\" \/>\n\t<meta property=\"og:image:height\" content=\"1584\" \/>\n\t<meta property=\"og:image:type\" content=\"image\/jpeg\" \/>\n<meta name=\"twitter:card\" content=\"summary_large_image\" \/>\n<script type=\"application\/ld+json\" class=\"yoast-schema-graph\">{\"@context\":\"https:\\\/\\\/schema.org\",\"@graph\":[{\"@type\":\"WebPage\",\"@id\":\"https:\\\/\\\/www.sealtek.com\\\/es\\\/product\\\/estilo-523-524\\\/\",\"url\":\"https:\\\/\\\/www.sealtek.com\\\/es\\\/product\\\/estilo-523-524\\\/\",\"name\":\"Estilo 523-524 - Sealtek\",\"isPartOf\":{\"@id\":\"https:\\\/\\\/www.sealtek.com\\\/#website\"},\"primaryImageOfPage\":{\"@id\":\"https:\\\/\\\/www.sealtek.com\\\/es\\\/product\\\/estilo-523-524\\\/#primaryimage\"},\"image\":{\"@id\":\"https:\\\/\\\/www.sealtek.com\\\/es\\\/product\\\/estilo-523-524\\\/#primaryimage\"},\"thumbnailUrl\":\"https:\\\/\\\/www.sealtek.com\\\/wp-content\\\/uploads\\\/2024\\\/04\\\/STYLE_523_1.jpg\",\"datePublished\":\"2024-04-09T15:03:44+00:00\",\"breadcrumb\":{\"@id\":\"https:\\\/\\\/www.sealtek.com\\\/es\\\/product\\\/estilo-523-524\\\/#breadcrumb\"},\"inLanguage\":\"es\",\"potentialAction\":[{\"@type\":\"ReadAction\",\"target\":[\"https:\\\/\\\/www.sealtek.com\\\/es\\\/product\\\/estilo-523-524\\\/\"]}]},{\"@type\":\"ImageObject\",\"inLanguage\":\"es\",\"@id\":\"https:\\\/\\\/www.sealtek.com\\\/es\\\/product\\\/estilo-523-524\\\/#primaryimage\",\"url\":\"https:\\\/\\\/www.sealtek.com\\\/wp-content\\\/uploads\\\/2024\\\/04\\\/STYLE_523_1.jpg\",\"contentUrl\":\"https:\\\/\\\/www.sealtek.com\\\/wp-content\\\/uploads\\\/2024\\\/04\\\/STYLE_523_1.jpg\",\"width\":1848,\"height\":1584},{\"@type\":\"BreadcrumbList\",\"@id\":\"https:\\\/\\\/www.sealtek.com\\\/es\\\/product\\\/estilo-523-524\\\/#breadcrumb\",\"itemListElement\":[{\"@type\":\"ListItem\",\"position\":1,\"name\":\"Home\",\"item\":\"https:\\\/\\\/www.sealtek.com\\\/es\\\/home-2\\\/\"},{\"@type\":\"ListItem\",\"position\":2,\"name\":\"Tienda\",\"item\":\"https:\\\/\\\/www.sealtek.com\\\/es\\\/tienda\\\/\"},{\"@type\":\"ListItem\",\"position\":3,\"name\":\"Estilo 523-524\"}]},{\"@type\":\"WebSite\",\"@id\":\"https:\\\/\\\/www.sealtek.com\\\/#website\",\"url\":\"https:\\\/\\\/www.sealtek.com\\\/\",\"name\":\"Sealtek\",\"description\":\"High technology in industrial maintenance\",\"publisher\":{\"@id\":\"https:\\\/\\\/www.sealtek.com\\\/#organization\"},\"potentialAction\":[{\"@type\":\"SearchAction\",\"target\":{\"@type\":\"EntryPoint\",\"urlTemplate\":\"https:\\\/\\\/www.sealtek.com\\\/?s={search_term_string}\"},\"query-input\":{\"@type\":\"PropertyValueSpecification\",\"valueRequired\":true,\"valueName\":\"search_term_string\"}}],\"inLanguage\":\"es\"},{\"@type\":\"Organization\",\"@id\":\"https:\\\/\\\/www.sealtek.com\\\/#organization\",\"name\":\"Sealtek\",\"url\":\"https:\\\/\\\/www.sealtek.com\\\/\",\"logo\":{\"@type\":\"ImageObject\",\"inLanguage\":\"es\",\"@id\":\"https:\\\/\\\/www.sealtek.com\\\/#\\\/schema\\\/logo\\\/image\\\/\",\"url\":\"https:\\\/\\\/www.sealtek.com\\\/wp-content\\\/uploads\\\/2023\\\/12\\\/Sealtek-Logo.png\",\"contentUrl\":\"https:\\\/\\\/www.sealtek.com\\\/wp-content\\\/uploads\\\/2023\\\/12\\\/Sealtek-Logo.png\",\"width\":456,\"height\":87,\"caption\":\"Sealtek\"},\"image\":{\"@id\":\"https:\\\/\\\/www.sealtek.com\\\/#\\\/schema\\\/logo\\\/image\\\/\"}}]}<\/script>\n<!-- \/ Yoast SEO plugin. -->","yoast_head_json":{"title":"Estilo 523-524 - Sealtek","robots":{"index":"index","follow":"follow","max-snippet":"max-snippet:-1","max-image-preview":"max-image-preview:large","max-video-preview":"max-video-preview:-1"},"canonical":"https:\/\/www.sealtek.com\/es\/product\/estilo-523-524\/","og_locale":"es_ES","og_type":"article","og_title":"Estilo 523-524 - Sealtek","og_description":"STYLE 523 Carbon B\/FKM\/AISI 316\/AISI 316 with Style 124 seat Q2 SiC\/FKM","og_url":"https:\/\/www.sealtek.com\/es\/product\/estilo-523-524\/","og_site_name":"Sealtek","og_image":[{"width":1848,"height":1584,"url":"https:\/\/www.sealtek.com\/wp-content\/uploads\/2024\/04\/STYLE_523_1.jpg","type":"image\/jpeg"}],"twitter_card":"summary_large_image","schema":{"@context":"https:\/\/schema.org","@graph":[{"@type":"WebPage","@id":"https:\/\/www.sealtek.com\/es\/product\/estilo-523-524\/","url":"https:\/\/www.sealtek.com\/es\/product\/estilo-523-524\/","name":"Estilo 523-524 - Sealtek","isPartOf":{"@id":"https:\/\/www.sealtek.com\/#website"},"primaryImageOfPage":{"@id":"https:\/\/www.sealtek.com\/es\/product\/estilo-523-524\/#primaryimage"},"image":{"@id":"https:\/\/www.sealtek.com\/es\/product\/estilo-523-524\/#primaryimage"},"thumbnailUrl":"https:\/\/www.sealtek.com\/wp-content\/uploads\/2024\/04\/STYLE_523_1.jpg","datePublished":"2024-04-09T15:03:44+00:00","breadcrumb":{"@id":"https:\/\/www.sealtek.com\/es\/product\/estilo-523-524\/#breadcrumb"},"inLanguage":"es","potentialAction":[{"@type":"ReadAction","target":["https:\/\/www.sealtek.com\/es\/product\/estilo-523-524\/"]}]},{"@type":"ImageObject","inLanguage":"es","@id":"https:\/\/www.sealtek.com\/es\/product\/estilo-523-524\/#primaryimage","url":"https:\/\/www.sealtek.com\/wp-content\/uploads\/2024\/04\/STYLE_523_1.jpg","contentUrl":"https:\/\/www.sealtek.com\/wp-content\/uploads\/2024\/04\/STYLE_523_1.jpg","width":1848,"height":1584},{"@type":"BreadcrumbList","@id":"https:\/\/www.sealtek.com\/es\/product\/estilo-523-524\/#breadcrumb","itemListElement":[{"@type":"ListItem","position":1,"name":"Home","item":"https:\/\/www.sealtek.com\/es\/home-2\/"},{"@type":"ListItem","position":2,"name":"Tienda","item":"https:\/\/www.sealtek.com\/es\/tienda\/"},{"@type":"ListItem","position":3,"name":"Estilo 523-524"}]},{"@type":"WebSite","@id":"https:\/\/www.sealtek.com\/#website","url":"https:\/\/www.sealtek.com\/","name":"Sealtek","description":"High technology in industrial maintenance","publisher":{"@id":"https:\/\/www.sealtek.com\/#organization"},"potentialAction":[{"@type":"SearchAction","target":{"@type":"EntryPoint","urlTemplate":"https:\/\/www.sealtek.com\/?s={search_term_string}"},"query-input":{"@type":"PropertyValueSpecification","valueRequired":true,"valueName":"search_term_string"}}],"inLanguage":"es"},{"@type":"Organization","@id":"https:\/\/www.sealtek.com\/#organization","name":"Sealtek","url":"https:\/\/www.sealtek.com\/","logo":{"@type":"ImageObject","inLanguage":"es","@id":"https:\/\/www.sealtek.com\/#\/schema\/logo\/image\/","url":"https:\/\/www.sealtek.com\/wp-content\/uploads\/2023\/12\/Sealtek-Logo.png","contentUrl":"https:\/\/www.sealtek.com\/wp-content\/uploads\/2023\/12\/Sealtek-Logo.png","width":456,"height":87,"caption":"Sealtek"},"image":{"@id":"https:\/\/www.sealtek.com\/#\/schema\/logo\/image\/"}}]}},"_links":{"self":[{"href":"https:\/\/www.sealtek.com\/es\/wp-json\/wp\/v2\/product\/6108","targetHints":{"allow":["GET"]}}],"collection":[{"href":"https:\/\/www.sealtek.com\/es\/wp-json\/wp\/v2\/product"}],"about":[{"href":"https:\/\/www.sealtek.com\/es\/wp-json\/wp\/v2\/types\/product"}],"replies":[{"embeddable":true,"href":"https:\/\/www.sealtek.com\/es\/wp-json\/wp\/v2\/comments?post=6108"}],"wp:featuredmedia":[{"embeddable":true,"href":"https:\/\/www.sealtek.com\/es\/wp-json\/wp\/v2\/media\/6146"}],"wp:attachment":[{"href":"https:\/\/www.sealtek.com\/es\/wp-json\/wp\/v2\/media?parent=6108"}],"wp:term":[{"taxonomy":"product_brand","embeddable":true,"href":"https:\/\/www.sealtek.com\/es\/wp-json\/wp\/v2\/product_brand?post=6108"},{"taxonomy":"product_cat","embeddable":true,"href":"https:\/\/www.sealtek.com\/es\/wp-json\/wp\/v2\/product_cat?post=6108"},{"taxonomy":"product_tag","embeddable":true,"href":"https:\/\/www.sealtek.com\/es\/wp-json\/wp\/v2\/product_tag?post=6108"}],"curies":[{"name":"wp","href":"https:\/\/api.w.org\/{rel}","templated":true}]}}