{"id":5969,"date":"2024-04-09T15:16:43","date_gmt":"2024-04-09T15:16:43","guid":{"rendered":"https:\/\/www.sealtek.com\/product\/estilo-3002\/"},"modified":"2024-04-09T15:16:43","modified_gmt":"2024-04-09T15:16:43","slug":"estilo-3002","status":"publish","type":"product","link":"https:\/\/www.sealtek.com\/es\/product\/estilo-3002\/","title":{"rendered":"Estilo 3002"},"content":{"rendered":"<p>Plancha para juntas est\u00e1ticas de grafito puro, reforzada con una microred central en acero AISI 316. No contiene alg\u00fan aglutinante. Puede ser empleada pr\u00e1cticamente para todas las aplicaciones incluidas las m\u00e1s cr\u00edticas. <\/p>\n<p>Resiste a temperaturas extremas. No se pega y no est\u00e1 subjecta a fen\u00f3menos de envejecimiento.  <\/p>\n<p>Particularmente indicada en bridas con bajas presiones superficiales y condiciones de instalaci\u00f3n complicadas. Excelente para el corte seguido de Juntas. <\/p>\n","protected":false},"excerpt":{"rendered":"<p>Plancha para juntas est\u00e1ticas de grafito puro, reforzada con una microred central en acero AISI 316. No contiene alg\u00fan aglutinante. Puede ser empleada pr\u00e1cticamente para todas las aplicaciones incluidas las m\u00e1s cr\u00edticas. Resiste a temperaturas extremas. No se pega y no est\u00e1 subjecta a fen\u00f3menos de envejecimiento. Particularmente indicada en bridas con bajas presiones superficiales [&hellip;]<\/p>\n","protected":false},"featured_media":5970,"comment_status":"open","ping_status":"closed","template":"","meta":{"_acf_changed":false},"product_brand":[],"product_cat":[92],"product_tag":[],"class_list":{"0":"post-5969","1":"product","2":"type-product","3":"status-publish","4":"has-post-thumbnail","6":"product_cat-juntas-plana","8":"first","9":"instock","10":"shipping-taxable","11":"purchasable","12":"product-type-simple"},"acf":[],"yoast_head":"<!-- This site is optimized with the Yoast SEO plugin v27.5 - https:\/\/yoast.com\/product\/yoast-seo-wordpress\/ -->\n<title>Estilo 3002 - Sealtek<\/title>\n<meta name=\"robots\" content=\"index, follow, max-snippet:-1, max-image-preview:large, max-video-preview:-1\" \/>\n<link rel=\"canonical\" href=\"https:\/\/www.sealtek.com\/es\/product\/estilo-3002\/\" \/>\n<meta property=\"og:locale\" content=\"es_ES\" \/>\n<meta property=\"og:type\" content=\"article\" \/>\n<meta property=\"og:title\" content=\"Estilo 3002 - Sealtek\" \/>\n<meta property=\"og:description\" content=\"Plancha para juntas est\u00e1ticas de grafito puro, reforzada con una microred central en acero AISI 316. No contiene alg\u00fan aglutinante. Puede ser empleada pr\u00e1cticamente para todas las aplicaciones incluidas las m\u00e1s cr\u00edticas. Resiste a temperaturas extremas. No se pega y no est\u00e1 subjecta a fen\u00f3menos de envejecimiento. Particularmente indicada en bridas con bajas presiones superficiales [&hellip;]\" \/>\n<meta property=\"og:url\" content=\"https:\/\/www.sealtek.com\/es\/product\/estilo-3002\/\" \/>\n<meta property=\"og:site_name\" content=\"Sealtek\" \/>\n<meta property=\"og:image\" content=\"https:\/\/www.sealtek.com\/wp-content\/uploads\/2024\/04\/3002.png\" \/>\n\t<meta property=\"og:image:width\" content=\"927\" \/>\n\t<meta property=\"og:image:height\" content=\"806\" \/>\n\t<meta property=\"og:image:type\" content=\"image\/png\" \/>\n<meta name=\"twitter:card\" content=\"summary_large_image\" \/>\n<script type=\"application\/ld+json\" class=\"yoast-schema-graph\">{\"@context\":\"https:\\\/\\\/schema.org\",\"@graph\":[{\"@type\":\"WebPage\",\"@id\":\"https:\\\/\\\/www.sealtek.com\\\/es\\\/product\\\/estilo-3002\\\/\",\"url\":\"https:\\\/\\\/www.sealtek.com\\\/es\\\/product\\\/estilo-3002\\\/\",\"name\":\"Estilo 3002 - Sealtek\",\"isPartOf\":{\"@id\":\"https:\\\/\\\/www.sealtek.com\\\/#website\"},\"primaryImageOfPage\":{\"@id\":\"https:\\\/\\\/www.sealtek.com\\\/es\\\/product\\\/estilo-3002\\\/#primaryimage\"},\"image\":{\"@id\":\"https:\\\/\\\/www.sealtek.com\\\/es\\\/product\\\/estilo-3002\\\/#primaryimage\"},\"thumbnailUrl\":\"https:\\\/\\\/www.sealtek.com\\\/wp-content\\\/uploads\\\/2024\\\/04\\\/3002.png\",\"datePublished\":\"2024-04-09T15:16:43+00:00\",\"breadcrumb\":{\"@id\":\"https:\\\/\\\/www.sealtek.com\\\/es\\\/product\\\/estilo-3002\\\/#breadcrumb\"},\"inLanguage\":\"es\",\"potentialAction\":[{\"@type\":\"ReadAction\",\"target\":[\"https:\\\/\\\/www.sealtek.com\\\/es\\\/product\\\/estilo-3002\\\/\"]}]},{\"@type\":\"ImageObject\",\"inLanguage\":\"es\",\"@id\":\"https:\\\/\\\/www.sealtek.com\\\/es\\\/product\\\/estilo-3002\\\/#primaryimage\",\"url\":\"https:\\\/\\\/www.sealtek.com\\\/wp-content\\\/uploads\\\/2024\\\/04\\\/3002.png\",\"contentUrl\":\"https:\\\/\\\/www.sealtek.com\\\/wp-content\\\/uploads\\\/2024\\\/04\\\/3002.png\",\"width\":927,\"height\":806},{\"@type\":\"BreadcrumbList\",\"@id\":\"https:\\\/\\\/www.sealtek.com\\\/es\\\/product\\\/estilo-3002\\\/#breadcrumb\",\"itemListElement\":[{\"@type\":\"ListItem\",\"position\":1,\"name\":\"Home\",\"item\":\"https:\\\/\\\/www.sealtek.com\\\/es\\\/home-2\\\/\"},{\"@type\":\"ListItem\",\"position\":2,\"name\":\"Tienda\",\"item\":\"https:\\\/\\\/www.sealtek.com\\\/es\\\/tienda\\\/\"},{\"@type\":\"ListItem\",\"position\":3,\"name\":\"Estilo 3002\"}]},{\"@type\":\"WebSite\",\"@id\":\"https:\\\/\\\/www.sealtek.com\\\/#website\",\"url\":\"https:\\\/\\\/www.sealtek.com\\\/\",\"name\":\"Sealtek\",\"description\":\"High technology in industrial maintenance\",\"publisher\":{\"@id\":\"https:\\\/\\\/www.sealtek.com\\\/#organization\"},\"potentialAction\":[{\"@type\":\"SearchAction\",\"target\":{\"@type\":\"EntryPoint\",\"urlTemplate\":\"https:\\\/\\\/www.sealtek.com\\\/?s={search_term_string}\"},\"query-input\":{\"@type\":\"PropertyValueSpecification\",\"valueRequired\":true,\"valueName\":\"search_term_string\"}}],\"inLanguage\":\"es\"},{\"@type\":\"Organization\",\"@id\":\"https:\\\/\\\/www.sealtek.com\\\/#organization\",\"name\":\"Sealtek\",\"url\":\"https:\\\/\\\/www.sealtek.com\\\/\",\"logo\":{\"@type\":\"ImageObject\",\"inLanguage\":\"es\",\"@id\":\"https:\\\/\\\/www.sealtek.com\\\/#\\\/schema\\\/logo\\\/image\\\/\",\"url\":\"https:\\\/\\\/www.sealtek.com\\\/wp-content\\\/uploads\\\/2023\\\/12\\\/Sealtek-Logo.png\",\"contentUrl\":\"https:\\\/\\\/www.sealtek.com\\\/wp-content\\\/uploads\\\/2023\\\/12\\\/Sealtek-Logo.png\",\"width\":456,\"height\":87,\"caption\":\"Sealtek\"},\"image\":{\"@id\":\"https:\\\/\\\/www.sealtek.com\\\/#\\\/schema\\\/logo\\\/image\\\/\"}}]}<\/script>\n<!-- \/ Yoast SEO plugin. -->","yoast_head_json":{"title":"Estilo 3002 - Sealtek","robots":{"index":"index","follow":"follow","max-snippet":"max-snippet:-1","max-image-preview":"max-image-preview:large","max-video-preview":"max-video-preview:-1"},"canonical":"https:\/\/www.sealtek.com\/es\/product\/estilo-3002\/","og_locale":"es_ES","og_type":"article","og_title":"Estilo 3002 - Sealtek","og_description":"Plancha para juntas est\u00e1ticas de grafito puro, reforzada con una microred central en acero AISI 316. No contiene alg\u00fan aglutinante. Puede ser empleada pr\u00e1cticamente para todas las aplicaciones incluidas las m\u00e1s cr\u00edticas. Resiste a temperaturas extremas. No se pega y no est\u00e1 subjecta a fen\u00f3menos de envejecimiento. Particularmente indicada en bridas con bajas presiones superficiales [&hellip;]","og_url":"https:\/\/www.sealtek.com\/es\/product\/estilo-3002\/","og_site_name":"Sealtek","og_image":[{"width":927,"height":806,"url":"https:\/\/www.sealtek.com\/wp-content\/uploads\/2024\/04\/3002.png","type":"image\/png"}],"twitter_card":"summary_large_image","schema":{"@context":"https:\/\/schema.org","@graph":[{"@type":"WebPage","@id":"https:\/\/www.sealtek.com\/es\/product\/estilo-3002\/","url":"https:\/\/www.sealtek.com\/es\/product\/estilo-3002\/","name":"Estilo 3002 - Sealtek","isPartOf":{"@id":"https:\/\/www.sealtek.com\/#website"},"primaryImageOfPage":{"@id":"https:\/\/www.sealtek.com\/es\/product\/estilo-3002\/#primaryimage"},"image":{"@id":"https:\/\/www.sealtek.com\/es\/product\/estilo-3002\/#primaryimage"},"thumbnailUrl":"https:\/\/www.sealtek.com\/wp-content\/uploads\/2024\/04\/3002.png","datePublished":"2024-04-09T15:16:43+00:00","breadcrumb":{"@id":"https:\/\/www.sealtek.com\/es\/product\/estilo-3002\/#breadcrumb"},"inLanguage":"es","potentialAction":[{"@type":"ReadAction","target":["https:\/\/www.sealtek.com\/es\/product\/estilo-3002\/"]}]},{"@type":"ImageObject","inLanguage":"es","@id":"https:\/\/www.sealtek.com\/es\/product\/estilo-3002\/#primaryimage","url":"https:\/\/www.sealtek.com\/wp-content\/uploads\/2024\/04\/3002.png","contentUrl":"https:\/\/www.sealtek.com\/wp-content\/uploads\/2024\/04\/3002.png","width":927,"height":806},{"@type":"BreadcrumbList","@id":"https:\/\/www.sealtek.com\/es\/product\/estilo-3002\/#breadcrumb","itemListElement":[{"@type":"ListItem","position":1,"name":"Home","item":"https:\/\/www.sealtek.com\/es\/home-2\/"},{"@type":"ListItem","position":2,"name":"Tienda","item":"https:\/\/www.sealtek.com\/es\/tienda\/"},{"@type":"ListItem","position":3,"name":"Estilo 3002"}]},{"@type":"WebSite","@id":"https:\/\/www.sealtek.com\/#website","url":"https:\/\/www.sealtek.com\/","name":"Sealtek","description":"High technology in industrial maintenance","publisher":{"@id":"https:\/\/www.sealtek.com\/#organization"},"potentialAction":[{"@type":"SearchAction","target":{"@type":"EntryPoint","urlTemplate":"https:\/\/www.sealtek.com\/?s={search_term_string}"},"query-input":{"@type":"PropertyValueSpecification","valueRequired":true,"valueName":"search_term_string"}}],"inLanguage":"es"},{"@type":"Organization","@id":"https:\/\/www.sealtek.com\/#organization","name":"Sealtek","url":"https:\/\/www.sealtek.com\/","logo":{"@type":"ImageObject","inLanguage":"es","@id":"https:\/\/www.sealtek.com\/#\/schema\/logo\/image\/","url":"https:\/\/www.sealtek.com\/wp-content\/uploads\/2023\/12\/Sealtek-Logo.png","contentUrl":"https:\/\/www.sealtek.com\/wp-content\/uploads\/2023\/12\/Sealtek-Logo.png","width":456,"height":87,"caption":"Sealtek"},"image":{"@id":"https:\/\/www.sealtek.com\/#\/schema\/logo\/image\/"}}]}},"_links":{"self":[{"href":"https:\/\/www.sealtek.com\/es\/wp-json\/wp\/v2\/product\/5969","targetHints":{"allow":["GET"]}}],"collection":[{"href":"https:\/\/www.sealtek.com\/es\/wp-json\/wp\/v2\/product"}],"about":[{"href":"https:\/\/www.sealtek.com\/es\/wp-json\/wp\/v2\/types\/product"}],"replies":[{"embeddable":true,"href":"https:\/\/www.sealtek.com\/es\/wp-json\/wp\/v2\/comments?post=5969"}],"wp:featuredmedia":[{"embeddable":true,"href":"https:\/\/www.sealtek.com\/es\/wp-json\/wp\/v2\/media\/5970"}],"wp:attachment":[{"href":"https:\/\/www.sealtek.com\/es\/wp-json\/wp\/v2\/media?parent=5969"}],"wp:term":[{"taxonomy":"product_brand","embeddable":true,"href":"https:\/\/www.sealtek.com\/es\/wp-json\/wp\/v2\/product_brand?post=5969"},{"taxonomy":"product_cat","embeddable":true,"href":"https:\/\/www.sealtek.com\/es\/wp-json\/wp\/v2\/product_cat?post=5969"},{"taxonomy":"product_tag","embeddable":true,"href":"https:\/\/www.sealtek.com\/es\/wp-json\/wp\/v2\/product_tag?post=5969"}],"curies":[{"name":"wp","href":"https:\/\/api.w.org\/{rel}","templated":true}]}}