{"id":5160,"date":"2023-12-06T09:47:45","date_gmt":"2023-12-06T09:47:45","guid":{"rendered":"https:\/\/www.sealtek.com\/servicios\/"},"modified":"2025-03-14T14:09:30","modified_gmt":"2025-03-14T14:09:30","slug":"servicios","status":"publish","type":"page","link":"https:\/\/www.sealtek.com\/es\/servicios\/","title":{"rendered":"Servicios"},"content":{"rendered":"\t\t<div data-elementor-type=\"wp-page\" data-elementor-id=\"5160\" class=\"elementor elementor-5160 elementor-11\" data-elementor-post-type=\"page\">\n\t\t\t\t<div class=\"elementor-element elementor-element-a1d52d5 e-flex e-con-boxed e-con e-child\" data-id=\"a1d52d5\" data-element_type=\"container\" data-e-type=\"container\">\n\t\t\t\t\t<div class=\"e-con-inner\">\n\t\t\t\t<div class=\"elementor-element elementor-element-007ea7d elementor-align-left elementor-widget elementor-widget-breadcrumbs\" data-id=\"007ea7d\" data-element_type=\"widget\" data-e-type=\"widget\" data-widget_type=\"breadcrumbs.default\">\n\t\t\t\t<div class=\"elementor-widget-container\">\n\t\t\t\t\t<p id=\"breadcrumbs\"><span><span><a href=\"https:\/\/www.sealtek.com\/es\/home-2\/\">Home<\/a><\/span><\/span><\/p>\t\t\t\t<\/div>\n\t\t\t\t<\/div>\n\t\t<div class=\"elementor-element elementor-element-ade20bd e-flex e-con-boxed e-con e-child\" data-id=\"ade20bd\" data-element_type=\"container\" data-e-type=\"container\">\n\t\t\t\t\t<div class=\"e-con-inner\">\n\t\t<div class=\"elementor-element elementor-element-9d6ce10 e-flex e-con-boxed e-con e-child\" data-id=\"9d6ce10\" data-element_type=\"container\" data-e-type=\"container\">\n\t\t\t\t\t<div class=\"e-con-inner\">\n\t\t\t\t<div class=\"elementor-element elementor-element-03775a0 elementor-widget elementor-widget-heading\" data-id=\"03775a0\" data-element_type=\"widget\" data-e-type=\"widget\" data-widget_type=\"heading.default\">\n\t\t\t\t<div class=\"elementor-widget-container\">\n\t\t\t\t\t<h1 class=\"elementor-heading-title elementor-size-default\">Servicios y tecnolog\u00edas<\/h1>\t\t\t\t<\/div>\n\t\t\t\t<\/div>\n\t\t\t\t<div class=\"elementor-element elementor-element-d788f49 elementor-widget elementor-widget-heading\" data-id=\"d788f49\" data-element_type=\"widget\" data-e-type=\"widget\" data-widget_type=\"heading.default\">\n\t\t\t\t<div class=\"elementor-widget-container\">\n\t\t\t\t\t<h1 class=\"elementor-heading-title elementor-size-default\">Soluciones, no simples productos. <\/h1>\t\t\t\t<\/div>\n\t\t\t\t<\/div>\n\t\t\t\t\t<\/div>\n\t\t\t\t<\/div>\n\t\t<div class=\"elementor-element elementor-element-d3b5c37 e-flex e-con-boxed e-con e-child\" data-id=\"d3b5c37\" data-element_type=\"container\" data-e-type=\"container\">\n\t\t\t\t\t<div class=\"e-con-inner\">\n\t\t\t\t<div class=\"elementor-element elementor-element-6c9c18e elementor-widget elementor-widget-text-editor\" data-id=\"6c9c18e\" data-element_type=\"widget\" data-e-type=\"widget\" data-widget_type=\"text-editor.default\">\n\t\t\t\t<div class=\"elementor-widget-container\">\n\t\t\t\t\t\t\t\t\t<p>Un producto s\u00f3lo puede ser tan bueno como el servicio prestado por su proveedor. El objetivo de Sealtek\u00ae es ser un socio t\u00e9cnico, m\u00e1s que un simple fabricante de dispositivos de sellado. <\/p>\n\t\t\t\t\t\t\t\t<\/div>\n\t\t\t\t<\/div>\n\t\t\t\t\t<\/div>\n\t\t\t\t<\/div>\n\t\t\t\t\t<\/div>\n\t\t\t\t<\/div>\n\t\t\t\t\t<\/div>\n\t\t\t\t<\/div>\n\t\t<div class=\"elementor-element elementor-element-3f53466 e-flex e-con-boxed e-con e-parent\" data-id=\"3f53466\" data-element_type=\"container\" data-e-type=\"container\">\n\t\t\t\t\t<div class=\"e-con-inner\">\n\t\t\t\t<div class=\"elementor-element elementor-element-219cdbf elementor-widget elementor-widget-spacer\" data-id=\"219cdbf\" data-element_type=\"widget\" data-e-type=\"widget\" data-widget_type=\"spacer.default\">\n\t\t\t\t<div class=\"elementor-widget-container\">\n\t\t\t\t\t\t\t<div class=\"elementor-spacer\">\n\t\t\t<div class=\"elementor-spacer-inner\"><\/div>\n\t\t<\/div>\n\t\t\t\t\t\t<\/div>\n\t\t\t\t<\/div>\n\t\t<div class=\"elementor-element elementor-element-2e3377e e-flex e-con-boxed e-con e-child\" data-id=\"2e3377e\" data-element_type=\"container\" data-e-type=\"container\">\n\t\t\t\t\t<div class=\"e-con-inner\">\n\t\t<div class=\"elementor-element elementor-element-830cb26 e-con-full e-flex e-con e-child\" data-id=\"830cb26\" data-element_type=\"container\" data-e-type=\"container\">\n\t\t\t\t<div class=\"elementor-element elementor-element-96090d4 elementor-widget elementor-widget-image\" data-id=\"96090d4\" data-element_type=\"widget\" data-e-type=\"widget\" data-widget_type=\"image.default\">\n\t\t\t\t<div class=\"elementor-widget-container\">\n\t\t\t\t\t\t\t\t\t\t\t\t\t\t\t\t<a href=\"https:\/\/sealtek.com\/services\/seal-refurbishment\/\">\n\t\t\t\t\t\t\t<img fetchpriority=\"high\" decoding=\"async\" width=\"800\" height=\"533\" src=\"https:\/\/www.sealtek.com\/wp-content\/uploads\/2024\/04\/Seal-refurbishing-1024x682.jpg\" class=\"attachment-large size-large wp-image-5163\" alt=\"\" srcset=\"https:\/\/www.sealtek.com\/wp-content\/uploads\/2024\/04\/Seal-refurbishing-1024x682.jpg 1024w, https:\/\/www.sealtek.com\/wp-content\/uploads\/2024\/04\/Seal-refurbishing-300x200.jpg 300w, https:\/\/www.sealtek.com\/wp-content\/uploads\/2024\/04\/Seal-refurbishing-768x512.jpg 768w, https:\/\/www.sealtek.com\/wp-content\/uploads\/2024\/04\/Seal-refurbishing-1536x1024.jpg 1536w, https:\/\/www.sealtek.com\/wp-content\/uploads\/2024\/04\/Seal-refurbishing-600x400.jpg 600w, https:\/\/www.sealtek.com\/wp-content\/uploads\/2024\/04\/Seal-refurbishing.jpg 1700w\" sizes=\"(max-width: 800px) 100vw, 800px\" \/>\t\t\t\t\t\t\t\t<\/a>\n\t\t\t\t\t\t\t\t\t\t\t\t\t\t\t<\/div>\n\t\t\t\t<\/div>\n\t\t\t\t<div class=\"elementor-element elementor-element-dd9554a elementor-widget elementor-widget-heading\" data-id=\"dd9554a\" data-element_type=\"widget\" data-e-type=\"widget\" data-widget_type=\"heading.default\">\n\t\t\t\t<div class=\"elementor-widget-container\">\n\t\t\t\t\t<h2 class=\"elementor-heading-title elementor-size-default\"><a href=\"https:\/\/sealtek.com\/services\/seal-refurbishment\">Restauraci\u00f3n de juntas<\/a><\/h2>\t\t\t\t<\/div>\n\t\t\t\t<\/div>\n\t\t\t\t<\/div>\n\t\t<div class=\"elementor-element elementor-element-34302f1 e-con-full e-flex e-con e-child\" data-id=\"34302f1\" data-element_type=\"container\" data-e-type=\"container\">\n\t\t\t\t<div class=\"elementor-element elementor-element-0039c1d elementor-widget elementor-widget-image\" data-id=\"0039c1d\" data-element_type=\"widget\" data-e-type=\"widget\" data-widget_type=\"image.default\">\n\t\t\t\t<div class=\"elementor-widget-container\">\n\t\t\t\t\t\t\t\t\t\t\t\t\t\t\t\t<a href=\"https:\/\/sealtek.com\/services\/modular-reengineering\">\n\t\t\t\t\t\t\t<img decoding=\"async\" width=\"800\" height=\"533\" src=\"https:\/\/www.sealtek.com\/wp-content\/uploads\/2024\/04\/Modular-re-engineering-1024x682.jpg\" class=\"attachment-large size-large wp-image-5169\" alt=\"\" srcset=\"https:\/\/www.sealtek.com\/wp-content\/uploads\/2024\/04\/Modular-re-engineering-1024x682.jpg 1024w, https:\/\/www.sealtek.com\/wp-content\/uploads\/2024\/04\/Modular-re-engineering-300x200.jpg 300w, https:\/\/www.sealtek.com\/wp-content\/uploads\/2024\/04\/Modular-re-engineering-768x512.jpg 768w, https:\/\/www.sealtek.com\/wp-content\/uploads\/2024\/04\/Modular-re-engineering-1536x1024.jpg 1536w, https:\/\/www.sealtek.com\/wp-content\/uploads\/2024\/04\/Modular-re-engineering-600x400.jpg 600w, https:\/\/www.sealtek.com\/wp-content\/uploads\/2024\/04\/Modular-re-engineering.jpg 1700w\" sizes=\"(max-width: 800px) 100vw, 800px\" \/>\t\t\t\t\t\t\t\t<\/a>\n\t\t\t\t\t\t\t\t\t\t\t\t\t\t\t<\/div>\n\t\t\t\t<\/div>\n\t\t\t\t<div class=\"elementor-element elementor-element-3cd564e elementor-widget elementor-widget-heading\" data-id=\"3cd564e\" data-element_type=\"widget\" data-e-type=\"widget\" data-widget_type=\"heading.default\">\n\t\t\t\t<div class=\"elementor-widget-container\">\n\t\t\t\t\t<h2 class=\"elementor-heading-title elementor-size-default\"><a href=\"https:\/\/sealtek.com\/services\/modular-reengineering\">Reingenier\u00eda modular<\/a><\/h2>\t\t\t\t<\/div>\n\t\t\t\t<\/div>\n\t\t\t\t<\/div>\n\t\t\t\t\t<\/div>\n\t\t\t\t<\/div>\n\t\t<div class=\"elementor-element elementor-element-2117c59 e-flex e-con-boxed e-con e-child\" data-id=\"2117c59\" data-element_type=\"container\" data-e-type=\"container\">\n\t\t\t\t\t<div class=\"e-con-inner\">\n\t\t<div class=\"elementor-element elementor-element-497e148 e-con-full e-flex e-con e-child\" data-id=\"497e148\" data-element_type=\"container\" data-e-type=\"container\">\n\t\t\t\t<div class=\"elementor-element elementor-element-b1ac5ab elementor-widget elementor-widget-image\" data-id=\"b1ac5ab\" data-element_type=\"widget\" data-e-type=\"widget\" data-widget_type=\"image.default\">\n\t\t\t\t<div class=\"elementor-widget-container\">\n\t\t\t\t\t\t\t\t\t\t\t\t\t\t\t\t<a href=\"https:\/\/sealtek.com\/services\/integrated-sealing\/\">\n\t\t\t\t\t\t\t<img decoding=\"async\" width=\"800\" height=\"533\" src=\"https:\/\/www.sealtek.com\/wp-content\/uploads\/2024\/04\/Integrated-sealing-1024x682.jpg\" class=\"attachment-large size-large wp-image-5176\" alt=\"\" srcset=\"https:\/\/www.sealtek.com\/wp-content\/uploads\/2024\/04\/Integrated-sealing-1024x682.jpg 1024w, https:\/\/www.sealtek.com\/wp-content\/uploads\/2024\/04\/Integrated-sealing-300x200.jpg 300w, https:\/\/www.sealtek.com\/wp-content\/uploads\/2024\/04\/Integrated-sealing-768x512.jpg 768w, https:\/\/www.sealtek.com\/wp-content\/uploads\/2024\/04\/Integrated-sealing-1536x1024.jpg 1536w, https:\/\/www.sealtek.com\/wp-content\/uploads\/2024\/04\/Integrated-sealing-600x400.jpg 600w, https:\/\/www.sealtek.com\/wp-content\/uploads\/2024\/04\/Integrated-sealing.jpg 1700w\" sizes=\"(max-width: 800px) 100vw, 800px\" \/>\t\t\t\t\t\t\t\t<\/a>\n\t\t\t\t\t\t\t\t\t\t\t\t\t\t\t<\/div>\n\t\t\t\t<\/div>\n\t\t\t\t<div class=\"elementor-element elementor-element-a74b37d elementor-widget elementor-widget-heading\" data-id=\"a74b37d\" data-element_type=\"widget\" data-e-type=\"widget\" data-widget_type=\"heading.default\">\n\t\t\t\t<div class=\"elementor-widget-container\">\n\t\t\t\t\t<h2 class=\"elementor-heading-title elementor-size-default\"><a href=\"https:\/\/sealtek.com\/services\/integrated-sealing\/\">\nSellado integrado\n<\/a><\/h2>\t\t\t\t<\/div>\n\t\t\t\t<\/div>\n\t\t\t\t<\/div>\n\t\t<div class=\"elementor-element elementor-element-d00bc24 e-con-full e-flex e-con e-child\" data-id=\"d00bc24\" data-element_type=\"container\" data-e-type=\"container\">\n\t\t\t\t<div class=\"elementor-element elementor-element-94fb130 elementor-widget elementor-widget-image\" data-id=\"94fb130\" data-element_type=\"widget\" data-e-type=\"widget\" data-widget_type=\"image.default\">\n\t\t\t\t<div class=\"elementor-widget-container\">\n\t\t\t\t\t\t\t\t\t\t\t\t\t\t\t\t<a href=\"https:\/\/sealtek.com\/services\/seminars-training\">\n\t\t\t\t\t\t\t<img loading=\"lazy\" decoding=\"async\" width=\"800\" height=\"533\" src=\"https:\/\/www.sealtek.com\/wp-content\/uploads\/2024\/04\/Seminars-and-training-1024x682.jpg\" class=\"attachment-large size-large wp-image-5182\" alt=\"\" srcset=\"https:\/\/www.sealtek.com\/wp-content\/uploads\/2024\/04\/Seminars-and-training-1024x682.jpg 1024w, https:\/\/www.sealtek.com\/wp-content\/uploads\/2024\/04\/Seminars-and-training-300x200.jpg 300w, https:\/\/www.sealtek.com\/wp-content\/uploads\/2024\/04\/Seminars-and-training-768x512.jpg 768w, https:\/\/www.sealtek.com\/wp-content\/uploads\/2024\/04\/Seminars-and-training-1536x1024.jpg 1536w, https:\/\/www.sealtek.com\/wp-content\/uploads\/2024\/04\/Seminars-and-training-600x400.jpg 600w, https:\/\/www.sealtek.com\/wp-content\/uploads\/2024\/04\/Seminars-and-training.jpg 1700w\" sizes=\"(max-width: 800px) 100vw, 800px\" \/>\t\t\t\t\t\t\t\t<\/a>\n\t\t\t\t\t\t\t\t\t\t\t\t\t\t\t<\/div>\n\t\t\t\t<\/div>\n\t\t\t\t<div class=\"elementor-element elementor-element-e79f997 elementor-widget elementor-widget-heading\" data-id=\"e79f997\" data-element_type=\"widget\" data-e-type=\"widget\" data-widget_type=\"heading.default\">\n\t\t\t\t<div class=\"elementor-widget-container\">\n\t\t\t\t\t<h2 class=\"elementor-heading-title elementor-size-default\"><a href=\"https:\/\/sealtek.com\/services\/seminars-training\">Seminarios y formaci\u00f3n<\/a><\/h2>\t\t\t\t<\/div>\n\t\t\t\t<\/div>\n\t\t\t\t<\/div>\n\t\t\t\t\t<\/div>\n\t\t\t\t<\/div>\n\t\t<div class=\"elementor-element elementor-element-16c59bf e-flex e-con-boxed e-con e-child\" data-id=\"16c59bf\" data-element_type=\"container\" data-e-type=\"container\">\n\t\t\t\t\t<div class=\"e-con-inner\">\n\t\t<div class=\"elementor-element elementor-element-40b7b68 e-flex e-con-boxed e-con e-child\" data-id=\"40b7b68\" data-element_type=\"container\" data-e-type=\"container\">\n\t\t\t\t\t<div class=\"e-con-inner\">\n\t\t\t\t<div class=\"elementor-element elementor-element-3469c1a elementor-widget elementor-widget-image\" data-id=\"3469c1a\" data-element_type=\"widget\" data-e-type=\"widget\" data-widget_type=\"image.default\">\n\t\t\t\t<div class=\"elementor-widget-container\">\n\t\t\t\t\t\t\t\t\t\t\t\t\t\t\t\t<a href=\"https:\/\/sealtek.com\/services\/diamond-coating-sealing\">\n\t\t\t\t\t\t\t<img loading=\"lazy\" decoding=\"async\" width=\"800\" height=\"533\" src=\"https:\/\/www.sealtek.com\/wp-content\/uploads\/2024\/04\/Diamond-coating-technology-1024x682.jpg\" class=\"attachment-large size-large wp-image-5188\" alt=\"\" srcset=\"https:\/\/www.sealtek.com\/wp-content\/uploads\/2024\/04\/Diamond-coating-technology-1024x682.jpg 1024w, https:\/\/www.sealtek.com\/wp-content\/uploads\/2024\/04\/Diamond-coating-technology-300x200.jpg 300w, https:\/\/www.sealtek.com\/wp-content\/uploads\/2024\/04\/Diamond-coating-technology-768x512.jpg 768w, https:\/\/www.sealtek.com\/wp-content\/uploads\/2024\/04\/Diamond-coating-technology-1536x1024.jpg 1536w, https:\/\/www.sealtek.com\/wp-content\/uploads\/2024\/04\/Diamond-coating-technology-600x400.jpg 600w, https:\/\/www.sealtek.com\/wp-content\/uploads\/2024\/04\/Diamond-coating-technology.jpg 1700w\" sizes=\"(max-width: 800px) 100vw, 800px\" \/>\t\t\t\t\t\t\t\t<\/a>\n\t\t\t\t\t\t\t\t\t\t\t\t\t\t\t<\/div>\n\t\t\t\t<\/div>\n\t\t\t\t<div class=\"elementor-element elementor-element-3d161bf elementor-widget elementor-widget-heading\" data-id=\"3d161bf\" data-element_type=\"widget\" data-e-type=\"widget\" data-widget_type=\"heading.default\">\n\t\t\t\t<div class=\"elementor-widget-container\">\n\t\t\t\t\t<h2 class=\"elementor-heading-title elementor-size-default\"><a href=\"https:\/\/sealtek.com\/services\/diamond-coating-sealing\">Tecnolog\u00eda de revestimiento de diamantes<\/a><\/h2>\t\t\t\t<\/div>\n\t\t\t\t<\/div>\n\t\t\t\t\t<\/div>\n\t\t\t\t<\/div>\n\t\t\t\t\t<\/div>\n\t\t\t\t<\/div>\n\t\t\t\t\t<\/div>\n\t\t\t\t<\/div>\n\t\t<div class=\"elementor-element elementor-element-c41dc60 e-flex e-con-boxed e-con e-parent\" data-id=\"c41dc60\" data-element_type=\"container\" data-e-type=\"container\">\n\t\t\t\t\t<div class=\"e-con-inner\">\n\t\t\t\t\t<\/div>\n\t\t\t\t<\/div>\n\t\t<div class=\"elementor-element elementor-element-90c69fd e-flex e-con-boxed e-con e-parent\" data-id=\"90c69fd\" data-element_type=\"container\" data-e-type=\"container\">\n\t\t\t\t\t<div class=\"e-con-inner\">\n\t\t\t\t<div class=\"elementor-element elementor-element-1a63243 elementor-widget elementor-widget-spacer\" data-id=\"1a63243\" data-element_type=\"widget\" data-e-type=\"widget\" data-widget_type=\"spacer.default\">\n\t\t\t\t<div class=\"elementor-widget-container\">\n\t\t\t\t\t\t\t<div class=\"elementor-spacer\">\n\t\t\t<div class=\"elementor-spacer-inner\"><\/div>\n\t\t<\/div>\n\t\t\t\t\t\t<\/div>\n\t\t\t\t<\/div>\n\t\t\t\t\t<\/div>\n\t\t\t\t<\/div>\n\t\t\t\t<\/div>\n\t\t","protected":false},"excerpt":{"rendered":"<p>Servicios y tecnolog\u00edas Soluciones, no simples productos. Un producto s\u00f3lo puede ser tan bueno como el servicio prestado por su proveedor. El objetivo de Sealtek\u00ae es ser un socio t\u00e9cnico, m\u00e1s que un simple fabricante de dispositivos de sellado. Restauraci\u00f3n de juntas Reingenier\u00eda modular Sellado integrado Seminarios y formaci\u00f3n Tecnolog\u00eda de revestimiento de diamantes<\/p>\n","protected":false},"author":1,"featured_media":0,"parent":0,"menu_order":40,"comment_status":"closed","ping_status":"closed","template":"elementor_theme","meta":{"_acf_changed":false,"footnotes":""},"class_list":["post-5160","page","type-page","status-publish","hentry"],"acf":[],"yoast_head":"<!-- This site is optimized with the Yoast SEO plugin v27.5 - https:\/\/yoast.com\/product\/yoast-seo-wordpress\/ -->\n<title>Sealtek Services soluciones sellos mec\u00e1nicos sistemas de sellado<\/title>\n<meta name=\"robots\" content=\"index, follow, max-snippet:-1, max-image-preview:large, max-video-preview:-1\" \/>\n<link rel=\"canonical\" href=\"https:\/\/www.sealtek.com\/es\/servicios\/\" \/>\n<meta property=\"og:locale\" content=\"es_ES\" \/>\n<meta property=\"og:type\" content=\"article\" \/>\n<meta property=\"og:title\" content=\"Sealtek Services soluciones sellos mec\u00e1nicos sistemas de sellado\" \/>\n<meta property=\"og:description\" content=\"Servicios y tecnolog\u00edas Soluciones, no simples productos. Un producto s\u00f3lo puede ser tan bueno como el servicio prestado por su proveedor. El objetivo de Sealtek\u00ae es ser un socio t\u00e9cnico, m\u00e1s que un simple fabricante de dispositivos de sellado. Restauraci\u00f3n de juntas Reingenier\u00eda modular Sellado integrado Seminarios y formaci\u00f3n Tecnolog\u00eda de revestimiento de diamantes\" \/>\n<meta property=\"og:url\" content=\"https:\/\/www.sealtek.com\/es\/servicios\/\" \/>\n<meta property=\"og:site_name\" content=\"Sealtek\" \/>\n<meta property=\"article:modified_time\" content=\"2025-03-14T14:09:30+00:00\" \/>\n<meta property=\"og:image\" content=\"https:\/\/www.sealtek.com\/wp-content\/uploads\/2024\/04\/Seal-refurbishing.jpg\" \/>\n\t<meta property=\"og:image:width\" content=\"1700\" \/>\n\t<meta property=\"og:image:height\" content=\"1133\" \/>\n\t<meta property=\"og:image:type\" content=\"image\/jpeg\" \/>\n<meta name=\"twitter:card\" content=\"summary_large_image\" \/>\n<script type=\"application\/ld+json\" class=\"yoast-schema-graph\">{\"@context\":\"https:\\\/\\\/schema.org\",\"@graph\":[{\"@type\":\"WebPage\",\"@id\":\"https:\\\/\\\/www.sealtek.com\\\/es\\\/servicios\\\/\",\"url\":\"https:\\\/\\\/www.sealtek.com\\\/es\\\/servicios\\\/\",\"name\":\"Sealtek Services soluciones sellos mec\u00e1nicos sistemas de sellado\",\"isPartOf\":{\"@id\":\"https:\\\/\\\/www.sealtek.com\\\/#website\"},\"primaryImageOfPage\":{\"@id\":\"https:\\\/\\\/www.sealtek.com\\\/es\\\/servicios\\\/#primaryimage\"},\"image\":{\"@id\":\"https:\\\/\\\/www.sealtek.com\\\/es\\\/servicios\\\/#primaryimage\"},\"thumbnailUrl\":\"https:\\\/\\\/www.sealtek.com\\\/wp-content\\\/uploads\\\/2024\\\/04\\\/Seal-refurbishing-1024x682.jpg\",\"datePublished\":\"2023-12-06T09:47:45+00:00\",\"dateModified\":\"2025-03-14T14:09:30+00:00\",\"breadcrumb\":{\"@id\":\"https:\\\/\\\/www.sealtek.com\\\/es\\\/servicios\\\/#breadcrumb\"},\"inLanguage\":\"es\",\"potentialAction\":[{\"@type\":\"ReadAction\",\"target\":[\"https:\\\/\\\/www.sealtek.com\\\/es\\\/servicios\\\/\"]}]},{\"@type\":\"ImageObject\",\"inLanguage\":\"es\",\"@id\":\"https:\\\/\\\/www.sealtek.com\\\/es\\\/servicios\\\/#primaryimage\",\"url\":\"https:\\\/\\\/www.sealtek.com\\\/wp-content\\\/uploads\\\/2024\\\/04\\\/Seal-refurbishing-1024x682.jpg\",\"contentUrl\":\"https:\\\/\\\/www.sealtek.com\\\/wp-content\\\/uploads\\\/2024\\\/04\\\/Seal-refurbishing-1024x682.jpg\"},{\"@type\":\"BreadcrumbList\",\"@id\":\"https:\\\/\\\/www.sealtek.com\\\/es\\\/servicios\\\/#breadcrumb\",\"itemListElement\":[{\"@type\":\"ListItem\",\"position\":1,\"name\":\"Home\",\"item\":\"https:\\\/\\\/www.sealtek.com\\\/es\\\/home-2\\\/\"},{\"@type\":\"ListItem\",\"position\":2,\"name\":\"Servicios\"}]},{\"@type\":\"WebSite\",\"@id\":\"https:\\\/\\\/www.sealtek.com\\\/#website\",\"url\":\"https:\\\/\\\/www.sealtek.com\\\/\",\"name\":\"Sealtek\",\"description\":\"High technology in industrial maintenance\",\"publisher\":{\"@id\":\"https:\\\/\\\/www.sealtek.com\\\/#organization\"},\"potentialAction\":[{\"@type\":\"SearchAction\",\"target\":{\"@type\":\"EntryPoint\",\"urlTemplate\":\"https:\\\/\\\/www.sealtek.com\\\/?s={search_term_string}\"},\"query-input\":{\"@type\":\"PropertyValueSpecification\",\"valueRequired\":true,\"valueName\":\"search_term_string\"}}],\"inLanguage\":\"es\"},{\"@type\":\"Organization\",\"@id\":\"https:\\\/\\\/www.sealtek.com\\\/#organization\",\"name\":\"Sealtek\",\"url\":\"https:\\\/\\\/www.sealtek.com\\\/\",\"logo\":{\"@type\":\"ImageObject\",\"inLanguage\":\"es\",\"@id\":\"https:\\\/\\\/www.sealtek.com\\\/#\\\/schema\\\/logo\\\/image\\\/\",\"url\":\"https:\\\/\\\/www.sealtek.com\\\/wp-content\\\/uploads\\\/2023\\\/12\\\/Sealtek-Logo.png\",\"contentUrl\":\"https:\\\/\\\/www.sealtek.com\\\/wp-content\\\/uploads\\\/2023\\\/12\\\/Sealtek-Logo.png\",\"width\":456,\"height\":87,\"caption\":\"Sealtek\"},\"image\":{\"@id\":\"https:\\\/\\\/www.sealtek.com\\\/#\\\/schema\\\/logo\\\/image\\\/\"}}]}<\/script>\n<!-- \/ Yoast SEO plugin. -->","yoast_head_json":{"title":"Sealtek Services soluciones sellos mec\u00e1nicos sistemas de sellado","robots":{"index":"index","follow":"follow","max-snippet":"max-snippet:-1","max-image-preview":"max-image-preview:large","max-video-preview":"max-video-preview:-1"},"canonical":"https:\/\/www.sealtek.com\/es\/servicios\/","og_locale":"es_ES","og_type":"article","og_title":"Sealtek Services soluciones sellos mec\u00e1nicos sistemas de sellado","og_description":"Servicios y tecnolog\u00edas Soluciones, no simples productos. Un producto s\u00f3lo puede ser tan bueno como el servicio prestado por su proveedor. El objetivo de Sealtek\u00ae es ser un socio t\u00e9cnico, m\u00e1s que un simple fabricante de dispositivos de sellado. Restauraci\u00f3n de juntas Reingenier\u00eda modular Sellado integrado Seminarios y formaci\u00f3n Tecnolog\u00eda de revestimiento de diamantes","og_url":"https:\/\/www.sealtek.com\/es\/servicios\/","og_site_name":"Sealtek","article_modified_time":"2025-03-14T14:09:30+00:00","og_image":[{"width":1700,"height":1133,"url":"https:\/\/www.sealtek.com\/wp-content\/uploads\/2024\/04\/Seal-refurbishing.jpg","type":"image\/jpeg"}],"twitter_card":"summary_large_image","schema":{"@context":"https:\/\/schema.org","@graph":[{"@type":"WebPage","@id":"https:\/\/www.sealtek.com\/es\/servicios\/","url":"https:\/\/www.sealtek.com\/es\/servicios\/","name":"Sealtek Services soluciones sellos mec\u00e1nicos sistemas de sellado","isPartOf":{"@id":"https:\/\/www.sealtek.com\/#website"},"primaryImageOfPage":{"@id":"https:\/\/www.sealtek.com\/es\/servicios\/#primaryimage"},"image":{"@id":"https:\/\/www.sealtek.com\/es\/servicios\/#primaryimage"},"thumbnailUrl":"https:\/\/www.sealtek.com\/wp-content\/uploads\/2024\/04\/Seal-refurbishing-1024x682.jpg","datePublished":"2023-12-06T09:47:45+00:00","dateModified":"2025-03-14T14:09:30+00:00","breadcrumb":{"@id":"https:\/\/www.sealtek.com\/es\/servicios\/#breadcrumb"},"inLanguage":"es","potentialAction":[{"@type":"ReadAction","target":["https:\/\/www.sealtek.com\/es\/servicios\/"]}]},{"@type":"ImageObject","inLanguage":"es","@id":"https:\/\/www.sealtek.com\/es\/servicios\/#primaryimage","url":"https:\/\/www.sealtek.com\/wp-content\/uploads\/2024\/04\/Seal-refurbishing-1024x682.jpg","contentUrl":"https:\/\/www.sealtek.com\/wp-content\/uploads\/2024\/04\/Seal-refurbishing-1024x682.jpg"},{"@type":"BreadcrumbList","@id":"https:\/\/www.sealtek.com\/es\/servicios\/#breadcrumb","itemListElement":[{"@type":"ListItem","position":1,"name":"Home","item":"https:\/\/www.sealtek.com\/es\/home-2\/"},{"@type":"ListItem","position":2,"name":"Servicios"}]},{"@type":"WebSite","@id":"https:\/\/www.sealtek.com\/#website","url":"https:\/\/www.sealtek.com\/","name":"Sealtek","description":"High technology in industrial maintenance","publisher":{"@id":"https:\/\/www.sealtek.com\/#organization"},"potentialAction":[{"@type":"SearchAction","target":{"@type":"EntryPoint","urlTemplate":"https:\/\/www.sealtek.com\/?s={search_term_string}"},"query-input":{"@type":"PropertyValueSpecification","valueRequired":true,"valueName":"search_term_string"}}],"inLanguage":"es"},{"@type":"Organization","@id":"https:\/\/www.sealtek.com\/#organization","name":"Sealtek","url":"https:\/\/www.sealtek.com\/","logo":{"@type":"ImageObject","inLanguage":"es","@id":"https:\/\/www.sealtek.com\/#\/schema\/logo\/image\/","url":"https:\/\/www.sealtek.com\/wp-content\/uploads\/2023\/12\/Sealtek-Logo.png","contentUrl":"https:\/\/www.sealtek.com\/wp-content\/uploads\/2023\/12\/Sealtek-Logo.png","width":456,"height":87,"caption":"Sealtek"},"image":{"@id":"https:\/\/www.sealtek.com\/#\/schema\/logo\/image\/"}}]}},"_links":{"self":[{"href":"https:\/\/www.sealtek.com\/es\/wp-json\/wp\/v2\/pages\/5160","targetHints":{"allow":["GET"]}}],"collection":[{"href":"https:\/\/www.sealtek.com\/es\/wp-json\/wp\/v2\/pages"}],"about":[{"href":"https:\/\/www.sealtek.com\/es\/wp-json\/wp\/v2\/types\/page"}],"author":[{"embeddable":true,"href":"https:\/\/www.sealtek.com\/es\/wp-json\/wp\/v2\/users\/1"}],"replies":[{"embeddable":true,"href":"https:\/\/www.sealtek.com\/es\/wp-json\/wp\/v2\/comments?post=5160"}],"version-history":[{"count":1,"href":"https:\/\/www.sealtek.com\/es\/wp-json\/wp\/v2\/pages\/5160\/revisions"}],"predecessor-version":[{"id":5161,"href":"https:\/\/www.sealtek.com\/es\/wp-json\/wp\/v2\/pages\/5160\/revisions\/5161"}],"wp:attachment":[{"href":"https:\/\/www.sealtek.com\/es\/wp-json\/wp\/v2\/media?parent=5160"}],"curies":[{"name":"wp","href":"https:\/\/api.w.org\/{rel}","templated":true}]}}